{"id":25,"date":"2020-11-30T17:18:41","date_gmt":"2020-11-30T17:18:41","guid":{"rendered":"http:\/\/193.6.135.162\/~kocsisg\/?page_id=25"},"modified":"2020-11-30T17:18:41","modified_gmt":"2020-11-30T17:18:41","slug":"mobil-megoldasok","status":"publish","type":"page","link":"https:\/\/irh.inf.unideb.hu\/~kocsisg\/index.php\/mobil-megoldasok\/","title":{"rendered":"Mobil megold\u00e1sok"},"content":{"rendered":"\n<p>Labor ideje \u00e9s helye: H\u00e9tf\u0151 12:00-14:00 IK-TEOKJ-II-111<\/p>\n\n\n<p><a href=\"https:\/\/irh.inf.unideb.hu\/~kocsisg\/wp-content\/uploads\/2019\/09\/mobil_01.pdf\">mobil_01<\/a> (<a href=\"http:\/\/irh.inf.unideb.hu\/~kocsisg\/wp-content\/uploads\/2019\/10\/Calculator.zip\">Calculator.zip<\/a>)<\/p>\n<p><a href=\"https:\/\/irh.inf.unideb.hu\/~kocsisg\/wp-content\/uploads\/2019\/09\/mobil_02.pdf\">mobil_02<\/a> (<a href=\"http:\/\/irh.inf.unideb.hu\/~kocsisg\/wp-content\/uploads\/2019\/11\/Sensors.zip\">Sensors.zip<\/a>)<\/p>\n<p><a href=\"https:\/\/irh.inf.unideb.hu\/~kocsisg\/wp-content\/uploads\/2019\/10\/mobil_03.pdf\">mobil_03<\/a> (<a href=\"https:\/\/irh.inf.unideb.hu\/~kocsisg\/wp-content\/uploads\/2019\/10\/ShoppingList.zip\">ShoppingList<\/a>)<\/p>\n<p><a href=\"http:\/\/irh.inf.unideb.hu\/~kocsisg\/wp-content\/uploads\/2019\/10\/mobil_04-1.pdf\">mobil_04<\/a> (<a href=\"http:\/\/irh.inf.unideb.hu\/~kocsisg\/wp-content\/uploads\/2019\/10\/ShoppingListApple.zip\">ShoppingListApple.zip<\/a>)<\/p>\n<p><a href=\"http:\/\/irh.inf.unideb.hu\/~kocsisg\/wp-content\/uploads\/2019\/10\/mobil_05.pdf\">mobil_05<\/a> (<a href=\"http:\/\/irh.inf.unideb.hu\/~kocsisg\/wp-content\/uploads\/2019\/10\/ShoppingListPersistent.zip\">ShoppingListPersistent.zip<\/a>, <a href=\"http:\/\/irh.inf.unideb.hu\/~kocsisg\/wp-content\/uploads\/2019\/10\/Pregnancy-Calculator.zip\">Pregnancy Calculator.zip<\/a>) <\/p>\n<p><a href=\"http:\/\/irh.inf.unideb.hu\/~kocsisg\/wp-content\/uploads\/2019\/10\/mobil_06.pdf\">mobil_06<\/a> (<a href=\"http:\/\/irh.inf.unideb.hu\/~kocsisg\/wp-content\/uploads\/2019\/10\/Celebration-1.zip\">Celebration<\/a>)<\/p>\n<p><a href=\"http:\/\/irh.inf.unideb.hu\/~kocsisg\/wp-content\/uploads\/2019\/11\/mobil_07.pdf\">mobil_07<\/a> (<a href=\"http:\/\/irh.inf.unideb.hu\/~kocsisg\/wp-content\/uploads\/2019\/11\/RoomShoppingList.zip\">RoomShoppingList<\/a>)<\/p>\n<p><a href=\"http:\/\/irh.inf.unideb.hu\/~kocsisg\/wp-content\/uploads\/2019\/11\/mobil_08.pdf\">mobil_08<\/a> (<a href=\"http:\/\/irh.inf.unideb.hu\/~kocsisg\/wp-content\/uploads\/2019\/11\/RoomShoppingList2.zip\">RoomShoppingList2<\/a>)<\/p>\n<p>Vend\u00e9goktat\u00f3 <a href=\"https:\/\/drive.google.com\/file\/d\/1WGAHTm8YkL8kaNJ3ktrDtSRhxul6Upc0\/view?usp=sharing\">milestone_1<\/a><\/p>\n\n\n<p><\/p>\n","protected":false},"excerpt":{"rendered":"<p>Labor ideje \u00e9s helye: H\u00e9tf\u0151 12:00-14:00 IK-TEOKJ-II-111 mobil_01 (Calculator.zip) mobil_02 (Sensors.zip) mobil_03 (ShoppingList) mobil_04 (ShoppingListApple.zip) mobil_05 (ShoppingListPersistent.zip, Pregnancy Calculator.zip) mobil_06 (Celebration) mobil_07 (RoomShoppingList) mobil_08 (RoomShoppingList2) Vend\u00e9goktat\u00f3 milestone_1<\/p>\n","protected":false},"author":1,"featured_media":0,"parent":0,"menu_order":0,"comment_status":"closed","ping_status":"closed","template":"template-fullwidth.php","meta":[],"_links":{"self":[{"href":"https:\/\/irh.inf.unideb.hu\/~kocsisg\/index.php\/wp-json\/wp\/v2\/pages\/25"}],"collection":[{"href":"https:\/\/irh.inf.unideb.hu\/~kocsisg\/index.php\/wp-json\/wp\/v2\/pages"}],"about":[{"href":"https:\/\/irh.inf.unideb.hu\/~kocsisg\/index.php\/wp-json\/wp\/v2\/types\/page"}],"author":[{"embeddable":true,"href":"https:\/\/irh.inf.unideb.hu\/~kocsisg\/index.php\/wp-json\/wp\/v2\/users\/1"}],"replies":[{"embeddable":true,"href":"https:\/\/irh.inf.unideb.hu\/~kocsisg\/index.php\/wp-json\/wp\/v2\/comments?post=25"}],"version-history":[{"count":1,"href":"https:\/\/irh.inf.unideb.hu\/~kocsisg\/index.php\/wp-json\/wp\/v2\/pages\/25\/revisions"}],"predecessor-version":[{"id":26,"href":"https:\/\/irh.inf.unideb.hu\/~kocsisg\/index.php\/wp-json\/wp\/v2\/pages\/25\/revisions\/26"}],"wp:attachment":[{"href":"https:\/\/irh.inf.unideb.hu\/~kocsisg\/index.php\/wp-json\/wp\/v2\/media?parent=25"}],"curies":[{"name":"wp","href":"https:\/\/api.w.org\/{rel}","templated":true}]}}