{"id":29,"date":"2020-11-30T17:28:03","date_gmt":"2020-11-30T17:28:03","guid":{"rendered":"http:\/\/193.6.135.162\/~kocsisg\/?page_id=29"},"modified":"2020-11-30T17:28:03","modified_gmt":"2020-11-30T17:28:03","slug":"szamitogepes-halozatok","status":"publish","type":"page","link":"https:\/\/irh.inf.unideb.hu\/~kocsisg\/index.php\/szamitogepes-halozatok\/","title":{"rendered":"Sz\u00e1m\u00edt\u00f3g\u00e9pes h\u00e1l\u00f3zatok"},"content":{"rendered":"\n<p><strong>Gyakorlatok id\u0151pontjai \u00e9s hely\u00fck:<\/strong><\/p>\n\n\n\n<ul><li>Kedd 8:00-10:00 IK-105<\/li><li>Kedd 14:00-16:00 IK-104<\/li><li>Cs\u00fct\u00f6rt\u00f6k 12:00-14:00 IK-TEOKJ-II-108<\/li><\/ul>\n\n\n\n<p><strong>Diasorok:<\/strong><\/p>\n\n\n\n<p>TBA<\/p>\n\n\n\n<p><strong>Knoppix DVD image:<\/strong> <\/p>\n\n\n\n<ul><li><a href=\"http:\/\/irh.inf.unideb.hu\/~kocsisg\/knoppix704.iso\">Knoppix704.iso<\/a> <\/li><\/ul>\n\n\n\n<p><strong>Socket programoz\u00e1s:<\/strong><\/p>\n\n\n\n<p class=\"has-drop-cap\"><\/p>\n\n\n\n<p><\/p>\n","protected":false},"excerpt":{"rendered":"<p>Gyakorlatok id\u0151pontjai \u00e9s hely\u00fck: Kedd 8:00-10:00 IK-105 Kedd 14:00-16:00 IK-104 Cs\u00fct\u00f6rt\u00f6k 12:00-14:00 IK-TEOKJ-II-108 Diasorok: TBA Knoppix DVD image: Knoppix704.iso Socket programoz\u00e1s:<\/p>\n","protected":false},"author":1,"featured_media":0,"parent":0,"menu_order":0,"comment_status":"closed","ping_status":"closed","template":"template-fullwidth.php","meta":[],"_links":{"self":[{"href":"https:\/\/irh.inf.unideb.hu\/~kocsisg\/index.php\/wp-json\/wp\/v2\/pages\/29"}],"collection":[{"href":"https:\/\/irh.inf.unideb.hu\/~kocsisg\/index.php\/wp-json\/wp\/v2\/pages"}],"about":[{"href":"https:\/\/irh.inf.unideb.hu\/~kocsisg\/index.php\/wp-json\/wp\/v2\/types\/page"}],"author":[{"embeddable":true,"href":"https:\/\/irh.inf.unideb.hu\/~kocsisg\/index.php\/wp-json\/wp\/v2\/users\/1"}],"replies":[{"embeddable":true,"href":"https:\/\/irh.inf.unideb.hu\/~kocsisg\/index.php\/wp-json\/wp\/v2\/comments?post=29"}],"version-history":[{"count":1,"href":"https:\/\/irh.inf.unideb.hu\/~kocsisg\/index.php\/wp-json\/wp\/v2\/pages\/29\/revisions"}],"predecessor-version":[{"id":30,"href":"https:\/\/irh.inf.unideb.hu\/~kocsisg\/index.php\/wp-json\/wp\/v2\/pages\/29\/revisions\/30"}],"wp:attachment":[{"href":"https:\/\/irh.inf.unideb.hu\/~kocsisg\/index.php\/wp-json\/wp\/v2\/media?parent=29"}],"curies":[{"name":"wp","href":"https:\/\/api.w.org\/{rel}","templated":true}]}}