{"id":34,"date":"2020-11-30T17:37:22","date_gmt":"2020-11-30T17:37:22","guid":{"rendered":"http:\/\/193.6.135.162\/~kocsisg\/?page_id=34"},"modified":"2020-11-30T17:37:23","modified_gmt":"2020-11-30T17:37:23","slug":"szoftverfejlesztes-mernokoknek","status":"publish","type":"page","link":"https:\/\/irh.inf.unideb.hu\/~kocsisg\/index.php\/szoftverfejlesztes-mernokoknek\/","title":{"rendered":"Szoftverfejleszt\u00e9s m\u00e9rn\u00f6k\u00f6knek"},"content":{"rendered":"\n<p><strong>Gyakorlatok id\u0151pontjai:<\/strong><\/p>\n\n\n\n<p>H\u00e9tf\u0151 10:00-12:00 IK-106<br>H\u00e9tf\u0151 14:00-16:00 IK-F05<br>Cs\u00fct\u00f6rt\u00f6k 14:00-16:00 IK-TEOKJ-II-108<\/p>\n\n\n<p><strong>\u00d3rai anyag:<\/strong><\/p>\n<ol>\n<li><strong>\u00f3ra<\/strong><\/li>\n<\/ol>\n<p style=\"padding-left: 60px;\">Diasor: <a href=\"http:\/\/irh.inf.unideb.hu\/~kocsisg\/wp-content\/uploads\/2020\/02\/annotations-1.pdf\">annotations.pdf<\/a><br>Trello link: <a href=\"https:\/\/trello.com\/b\/f5BSJJ7V\">https:\/\/trello.com\/b\/f5BSJJ7V<\/a><\/p>\n<p style=\"padding-left: 30px;\"><strong>2. \u00f3ra<\/strong><\/p>\n<p style=\"padding-left: 60px;\">Diasor: <a href=\"http:\/\/irh.inf.unideb.hu\/~kocsisg\/wp-content\/uploads\/2020\/02\/maven.pdf\">maven.pdf<\/a> <\/p>\n<p style=\"padding-left: 30px;\"><strong>3-4. \u00f3ra<\/strong><\/p>\n<p style=\"padding-left: 60px;\">Start JavaFX Project: <a href=\"https:\/\/www.dropbox.com\/s\/197hv3y6eylovkq\/JavaFX11.zip?dl=0\">link<\/a><br>JavaFX: <a href=\"http:\/\/irh.inf.unideb.hu\/~kocsisg\/wp-content\/uploads\/2020\/02\/JavaFX.pdf\">JavaFX.pdf<\/a><br>Projekt m\u00e9rf\u00f6ldk\u00f6vek: <a href=\"http:\/\/irh.inf.unideb.hu\/~kocsisg\/wp-content\/uploads\/2020\/02\/JavaFX11.zip\">JavaFX11_MS1<\/a>, <a href=\"http:\/\/irh.inf.unideb.hu\/~kocsisg\/wp-content\/uploads\/2020\/03\/JavaFX11_MS2.zip\">JavaFX11_MS2<\/a><br>K\u00e9sz projekt: <a href=\"http:\/\/irh.inf.unideb.hu\/~kocsisg\/wp-content\/uploads\/2020\/03\/JavaFX11_FINAL.zip\">JavaFX11_FINAL<\/a><\/p>\n<p style=\"padding-left: 30px;\"><strong>5. \u00f3ra<\/strong><\/p>\n<p style=\"padding-left: 60px;\">Diasor: <a href=\"http:\/\/irh.inf.unideb.hu\/~kocsisg\/wp-content\/uploads\/2020\/03\/jpa.pdf\">jpa.pdf<\/a><br>Feladatok (Hibernate): <a href=\"http:\/\/irh.inf.unideb.hu\/~kocsisg\/wp-content\/uploads\/2020\/03\/hibarnate_en.pdf\">hibarnate_en<\/a><br>Indul\u00f3 projekt: <a href=\"http:\/\/irh.inf.unideb.hu\/~kocsisg\/wp-content\/uploads\/2020\/03\/hibernate-h2-example.zip\">hibernate-h2-example.zip<\/a><\/p>\n<p style=\"padding-left: 30px;\"><strong>6. \u00f3ra<\/strong><\/p>\n<p style=\"padding-left: 60px;\">Diasor: <a href=\"http:\/\/irh.inf.unideb.hu\/~kocsisg\/wp-content\/uploads\/2020\/03\/patterns.pdf\">patterns.pdf<\/a><br><a href=\"http:\/\/irh.inf.unideb.hu\/~kocsisg\/wp-content\/uploads\/2020\/03\/design-patterns.pdf\">design-patterns.pdf<\/a><br><a href=\"http:\/\/irh.inf.unideb.hu\/~kocsisg\/wp-content\/uploads\/2014\/09\/Design-Pattern-card.pdf\">Design Pattern card<\/a><\/p>\n<p style=\"padding-left: 30px;\"><strong>7. \u00f3ra<\/strong><\/p>\n<p style=\"padding-left: 60px;\">NetBeans integr\u00e1ci\u00f3: <a href=\"https:\/\/netbeans.org\/kb\/docs\/ide\/git.html#pull\">Using Git in netbeans<br><\/a>R\u00f6vid \u00f6sszefoglal\u00f3: <a href=\"http:\/\/rogerdudler.github.io\/git-guide\/\">git guide<\/a><br>Gyakorl\u00f3 j\u00e1t\u00e9k: <a href=\"https:\/\/learngitbranching.js.org\/\">git Game<br><\/a>R\u00f6vid git diasor: <a href=\"http:\/\/irh.inf.unideb.hu\/~kocsisg\/wp-content\/uploads\/2020\/03\/git.pdf\">git.pdf<\/a><\/p>\n<p style=\"padding-left: 30px;\"><strong> 8. \u00f3ra<\/strong><\/p>\n<p style=\"padding-left: 60px;\">Diasor: <a href=\"http:\/\/irh.inf.unideb.hu\/~kocsisg\/wp-content\/uploads\/2019\/02\/agile.pdf\">agile.pdf<\/a><\/p>\n<p>Tov\u00e1bbi anyagok: https:\/\/arato.inf.unideb.hu\/kocsis.gergely\/soft_dev\/hu\/<\/p>\n\n\n<p><\/p>\n","protected":false},"excerpt":{"rendered":"<p>Gyakorlatok id\u0151pontjai: H\u00e9tf\u0151 10:00-12:00 IK-106H\u00e9tf\u0151 14:00-16:00 IK-F05Cs\u00fct\u00f6rt\u00f6k 14:00-16:00 IK-TEOKJ-II-108 \u00d3rai anyag: \u00f3ra Diasor: annotations.pdfTrello link: https:\/\/trello.com\/b\/f5BSJJ7V 2. \u00f3ra Diasor: maven.pdf 3-4. \u00f3ra Start JavaFX Project: linkJavaFX: JavaFX.pdfProjekt m\u00e9rf\u00f6ldk\u00f6vek: JavaFX11_MS1, JavaFX11_MS2K\u00e9sz projekt: JavaFX11_FINAL 5. \u00f3ra Diasor: jpa.pdfFeladatok (Hibernate): hibarnate_enIndul\u00f3 projekt: hibernate-h2-example.zip 6. \u00f3ra Diasor: patterns.pdfdesign-patterns.pdfDesign Pattern card 7. \u00f3ra NetBeans integr\u00e1ci\u00f3: Using Git in netbeansR\u00f6vid \u00f6sszefoglal\u00f3: [&hellip;]<\/p>\n","protected":false},"author":1,"featured_media":0,"parent":0,"menu_order":0,"comment_status":"closed","ping_status":"closed","template":"template-fullwidth.php","meta":[],"_links":{"self":[{"href":"https:\/\/irh.inf.unideb.hu\/~kocsisg\/index.php\/wp-json\/wp\/v2\/pages\/34"}],"collection":[{"href":"https:\/\/irh.inf.unideb.hu\/~kocsisg\/index.php\/wp-json\/wp\/v2\/pages"}],"about":[{"href":"https:\/\/irh.inf.unideb.hu\/~kocsisg\/index.php\/wp-json\/wp\/v2\/types\/page"}],"author":[{"embeddable":true,"href":"https:\/\/irh.inf.unideb.hu\/~kocsisg\/index.php\/wp-json\/wp\/v2\/users\/1"}],"replies":[{"embeddable":true,"href":"https:\/\/irh.inf.unideb.hu\/~kocsisg\/index.php\/wp-json\/wp\/v2\/comments?post=34"}],"version-history":[{"count":1,"href":"https:\/\/irh.inf.unideb.hu\/~kocsisg\/index.php\/wp-json\/wp\/v2\/pages\/34\/revisions"}],"predecessor-version":[{"id":35,"href":"https:\/\/irh.inf.unideb.hu\/~kocsisg\/index.php\/wp-json\/wp\/v2\/pages\/34\/revisions\/35"}],"wp:attachment":[{"href":"https:\/\/irh.inf.unideb.hu\/~kocsisg\/index.php\/wp-json\/wp\/v2\/media?parent=34"}],"curies":[{"name":"wp","href":"https:\/\/api.w.org\/{rel}","templated":true}]}}