{"id":10734,"date":"2020-12-02T22:40:50","date_gmt":"2020-12-02T21:40:50","guid":{"rendered":"https:\/\/irh.inf.unideb.hu\/~szilagyi\/?page_id=10734"},"modified":"2023-09-05T17:58:50","modified_gmt":"2023-09-05T16:58:50","slug":"szamitogepes-halozatok-levelezos","status":"publish","type":"page","link":"https:\/\/irh.inf.unideb.hu\/~szilagyi\/index.php\/szamitogepes-halozatok-levelezos\/","title":{"rendered":"Sz\u00e1m\u00edt\u00f3g\u00e9pes h\u00e1l\u00f3zatok \/ H\u00e1l\u00f3zati architekt\u00far\u00e1k \u00e9s protokollok (levelez\u0151s)"},"content":{"rendered":"\n<br><br>\n<strong>\u00c1ltal\u00e1nos t\u00e1j\u00e9koztat\u00f3 <\/strong> \n\n<br><br>\n\n<p align=\"justify\">A t\u00e1rgy bemutatja a sz\u00e1m\u00edt\u00f3g\u00e9p kommunik\u00e1ci\u00f3s funkci\u00f3it \u00e9s azok m\u0171k\u00f6d\u00e9s\u00e9t. Adat\u00e1tviteli protokollok \u00e9s architekt\u00far\u00e1k gyakorlati sz\u00fcks\u00e9gess\u00e9g\u00e9t \u00e9s alkalmaz\u00e1si lehet\u0151s\u00e9geit t\u00e1rgyalja. \u00c1tadja a sz\u00e1m\u00edt\u00f3g\u00e9pes h\u00e1l\u00f3zatok felhaszn\u00e1l\u00e1sa, tervez\u00e9se, \u00fczemeltet\u00e9se k\u00e9pess\u00e9g\u00e9nek kialak\u00edt\u00e1s\u00e1hoz sz\u00fcks\u00e9ges alapismereteket.<\/p>\n\n<p align=\"justify\"><b>Bel\u00e9p\u00e9skor elv\u00e1rt kompetenci\u00e1k:<\/b> Sz\u00e1m\u00edt\u00f3g\u00e9p hardver fel\u00e9p\u00edt\u00e9s\u00e9nek \u00e9s m\u0171k\u00f6d\u00e9s\u00e9nek ismerete alapj\u00e1n t\u00f6rt\u00e9nik a kommunik\u00e1ci\u00f3s funkci\u00f3val kapcsolatos gyakorlati tud\u00e1s \u00e1tad\u00e1sa. Alapvet\u0151 programoz\u00e1si k\u00e9pess\u00e9gek sz\u00fcks\u00e9gesek a kommunik\u00e1ci\u00f3s t\u00e9m\u00e1kat r\u00e9szletez\u0151 laborgyakorlatok elv\u00e9gz\u00e9s\u00e9hez.<\/p>\n\n<p align=\"justify\"><b>Sz\u00e1monk\u00e9r\u00e9s:<\/b> A h\u00e1tt\u00e9r tananyag (mechanizmusok, architekt\u00far\u00e1k, folyamatok) pontos ismeret\u00e9t, valamint az elsaj\u00e1t\u00edtott gyakorlati kompetenci\u00e1kat \u00edr\u00e1sbeli vizsg\u00e1n kell bizony\u00edtani.<\/p>\n\n\n<strong>A gyakorlati al\u00e1\u00edr\u00e1s megszerz\u00e9s\u00e9nek felt\u00e9telei:<\/strong>\n<br><br>\n<ul>\n<li><p align=\"justify\">a gyakorlati \u00f3r\u00e1kon val\u00f3 akt\u00edv r\u00e9szv\u00e9tel<\/p><\/li>\n<li><p align=\"justify\">a hi\u00e1nyz\u00e1sok megengedett maxim\u00e1lis sz\u00e1ma: 0 alkalom<\/p><\/li>\n<\/ul>\n\n<strong>Vizsgateljes\u00edt\u00e9si k\u00f6vetelm\u00e9nyek<\/strong>\n<br><br>\n<ul>\n<li><p align=\"justify\">a Neptunban meghirdetett vizsgaid\u0151pontok egyik\u00e9n \u00edr\u00e1sbeli vizsg\u00e1n val\u00f3 r\u00e9szv\u00e9tel<\/p><\/li>\n<li><p align=\"justify\">sikeres vizsg\u00e1z\u00e1s a tananyag t\u00e9mak\u00f6reib\u0151l (el\u0151ad\u00e1s f\u00f3li\u00e1k + gyakorlati diasor)<\/p><\/li>\n<\/ul>\n\n\n<ul>\n<li><a href=\"https:\/\/www.ik.unideb.hu\/syllabi\/\">Syllabus <\/a><\/li>\n<\/ul>\n\n<strong>Szoftverek <\/strong>\n<br><br>\n\n<ul>\n<li><a href=\"https:\/\/www.virtualbox.org\">VirtualBox<\/a><\/li>\n<li><a href=\"https:\/\/drive.google.com\/file\/d\/1cD-2mDYtgNffGLIywnFvs4n2Mvrx21eR\/view?usp=sharing\">Knoppix 6.2 DVD k\u00e9pf\u00e1jl<\/a><\/li>\n<li><a href=\"http:\/\/www.wireshark.org\/\">Wireshark<\/a><\/li>\n<\/ul>\n\n<strong>Gyakorlati seg\u00e9dletek <\/strong>\n<br><br>\n\n<ul>\n        <li><a href=\"\/~szilagyi\/index.php\/eloadas-foliak-levelezos\/\">El\u0151ad\u00e1s f\u00f3li\u00e1k<\/a><\/li>\n        <li><a href=\"\/~szilagyi\/index.php\/gyakorlati-tematika-levelezos\/\">Laborgyakorlati prezent\u00e1ci\u00f3k<\/a><\/li>\n        <li><a href=\"\/~szilagyi\/wp-content\/uploads\/halo\/Netf-2019-minta.pdf\">Vizsga mintafeladatsor<\/a><\/li>\n        <li><a href=\"\/~szilagyi\/wp-content\/uploads\/halo\/halorj.pdf\">Roszik J\u00e1nos gyakorlati seg\u00e9dlete<\/a><\/li>\n        <li><a href=\"\/~szilagyi\/wp-content\/uploads\/halo\/SzgHalok_Lencse_Szamitogep_halozatok.pdf.pdf\">Dr. Lencse G\u00e1bor jegyzete<\/a><\/li>\n        <li><a href=\"\/~szilagyi\/wp-content\/uploads\/halo\/IPv6-konyv.pdf\">IPv6 k\u00f6nyv<\/a><\/li>\n        <li><a href=\"\/~szilagyi\/wp-content\/uploads\/halo\/Halozatok_segedlet.pdf\">Seg\u00e9dlet a laborgyakorlatokon vett Linux parancsokhoz<\/a><\/li>\n        <li><a href=\"\/~szilagyi\/wp-content\/uploads\/halo\/Wireshark_bevezeto.pdf\">Wireshark bevezet\u0151 <\/a><\/li>\n        <li><a href=\"\/~szilagyi\/wp-content\/uploads\/halo\/Wireshark_filterek.pdf\">Wireshark sz\u0171r\u0151k <\/a><\/li>\n        <li><a href=\"\/~szilagyi\/wp-content\/uploads\/halo\/dns.tgz\">DNS mintakonfigur\u00e1ci\u00f3 <\/a><\/li>\n","protected":false},"excerpt":{"rendered":"<p>\u00c1ltal\u00e1nos t\u00e1j\u00e9koztat\u00f3 A t\u00e1rgy bemutatja a sz\u00e1m\u00edt\u00f3g\u00e9p kommunik\u00e1ci\u00f3s funkci\u00f3it \u00e9s azok m\u0171k\u00f6d\u00e9s\u00e9t. Adat\u00e1tviteli protokollok \u00e9s architekt\u00far\u00e1k gyakorlati sz\u00fcks\u00e9gess\u00e9g\u00e9t \u00e9s alkalmaz\u00e1si lehet\u0151s\u00e9geit t\u00e1rgyalja. \u00c1tadja a sz\u00e1m\u00edt\u00f3g\u00e9pes h\u00e1l\u00f3zatok felhaszn\u00e1l\u00e1sa, tervez\u00e9se, \u00fczemeltet\u00e9se k\u00e9pess\u00e9g\u00e9nek kialak\u00edt\u00e1s\u00e1hoz sz\u00fcks\u00e9ges alapismereteket. Bel\u00e9p\u00e9skor elv\u00e1rt kompetenci\u00e1k: Sz\u00e1m\u00edt\u00f3g\u00e9p hardver fel\u00e9p\u00edt\u00e9s\u00e9nek \u00e9s m\u0171k\u00f6d\u00e9s\u00e9nek ismerete alapj\u00e1n t\u00f6rt\u00e9nik a kommunik\u00e1ci\u00f3s funkci\u00f3val kapcsolatos gyakorlati tud\u00e1s \u00e1tad\u00e1sa. Alapvet\u0151 programoz\u00e1si k\u00e9pess\u00e9gek sz\u00fcks\u00e9gesek <a href=\"https:\/\/irh.inf.unideb.hu\/~szilagyi\/index.php\/szamitogepes-halozatok-levelezos\/\" rel=\"nofollow\"><span class=\"sr-only\">Read more about Sz\u00e1m\u00edt\u00f3g\u00e9pes h\u00e1l\u00f3zatok \/ H\u00e1l\u00f3zati architekt\u00far\u00e1k \u00e9s protokollok (levelez\u0151s)<\/span>[&hellip;]<\/a><\/p>\n","protected":false},"author":1,"featured_media":0,"parent":0,"menu_order":0,"comment_status":"closed","ping_status":"closed","template":"template-fullwidth.php","meta":{"_ti_tpc_template_sync":false,"_ti_tpc_template_id":""},"uagb_featured_image_src":{"full":false,"thumbnail":false,"medium":false,"medium_large":false,"large":false,"1536x1536":false,"2048x2048":false,"zerif-post-thumbnail":false,"zerif-post-thumbnail-large":false,"zerif-post-thumbnail-large-table":false,"zerif-post-thumbnail-large-mobile":false,"zerif_project_photo":false,"zerif_our_team_photo":false},"uagb_author_info":{"display_name":"sszilagyi","author_link":"https:\/\/irh.inf.unideb.hu\/~szilagyi\/index.php\/author\/sszilagyi\/"},"uagb_comment_info":0,"uagb_excerpt":"\u00c1ltal\u00e1nos t\u00e1j\u00e9koztat\u00f3 A t\u00e1rgy bemutatja a sz\u00e1m\u00edt\u00f3g\u00e9p kommunik\u00e1ci\u00f3s funkci\u00f3it \u00e9s azok m\u0171k\u00f6d\u00e9s\u00e9t. Adat\u00e1tviteli protokollok \u00e9s architekt\u00far\u00e1k gyakorlati sz\u00fcks\u00e9gess\u00e9g\u00e9t \u00e9s alkalmaz\u00e1si lehet\u0151s\u00e9geit t\u00e1rgyalja. \u00c1tadja a sz\u00e1m\u00edt\u00f3g\u00e9pes h\u00e1l\u00f3zatok felhaszn\u00e1l\u00e1sa, tervez\u00e9se, \u00fczemeltet\u00e9se k\u00e9pess\u00e9g\u00e9nek kialak\u00edt\u00e1s\u00e1hoz sz\u00fcks\u00e9ges alapismereteket. Bel\u00e9p\u00e9skor elv\u00e1rt kompetenci\u00e1k: Sz\u00e1m\u00edt\u00f3g\u00e9p hardver fel\u00e9p\u00edt\u00e9s\u00e9nek \u00e9s m\u0171k\u00f6d\u00e9s\u00e9nek ismerete alapj\u00e1n t\u00f6rt\u00e9nik a kommunik\u00e1ci\u00f3s funkci\u00f3val kapcsolatos gyakorlati tud\u00e1s \u00e1tad\u00e1sa. Alapvet\u0151 programoz\u00e1si k\u00e9pess\u00e9gek sz\u00fcks\u00e9gesek&hellip;","_links":{"self":[{"href":"https:\/\/irh.inf.unideb.hu\/~szilagyi\/index.php\/wp-json\/wp\/v2\/pages\/10734"}],"collection":[{"href":"https:\/\/irh.inf.unideb.hu\/~szilagyi\/index.php\/wp-json\/wp\/v2\/pages"}],"about":[{"href":"https:\/\/irh.inf.unideb.hu\/~szilagyi\/index.php\/wp-json\/wp\/v2\/types\/page"}],"author":[{"embeddable":true,"href":"https:\/\/irh.inf.unideb.hu\/~szilagyi\/index.php\/wp-json\/wp\/v2\/users\/1"}],"replies":[{"embeddable":true,"href":"https:\/\/irh.inf.unideb.hu\/~szilagyi\/index.php\/wp-json\/wp\/v2\/comments?post=10734"}],"version-history":[{"count":14,"href":"https:\/\/irh.inf.unideb.hu\/~szilagyi\/index.php\/wp-json\/wp\/v2\/pages\/10734\/revisions"}],"predecessor-version":[{"id":11050,"href":"https:\/\/irh.inf.unideb.hu\/~szilagyi\/index.php\/wp-json\/wp\/v2\/pages\/10734\/revisions\/11050"}],"wp:attachment":[{"href":"https:\/\/irh.inf.unideb.hu\/~szilagyi\/index.php\/wp-json\/wp\/v2\/media?parent=10734"}],"curies":[{"name":"wp","href":"https:\/\/api.w.org\/{rel}","templated":true}]}}