{"id":10737,"date":"2020-12-02T22:46:20","date_gmt":"2020-12-02T21:46:20","guid":{"rendered":"https:\/\/irh.inf.unideb.hu\/~szilagyi\/?page_id=10737"},"modified":"2020-12-03T22:40:56","modified_gmt":"2020-12-03T21:40:56","slug":"eloadas-foliak-levelezos","status":"publish","type":"page","link":"https:\/\/irh.inf.unideb.hu\/~szilagyi\/index.php\/eloadas-foliak-levelezos\/","title":{"rendered":"El\u0151ad\u00e1s f\u00f3li\u00e1k &#8211; levelez\u0151s"},"content":{"rendered":"<p align=\"justify\"><strong><a href=\"\/~szilagyi\/wp-content\/uploads\/halo\/Szamitogepes-halozatok-eloadas-diasor-01-Szilagyi-protected.pdf\">1. El\u0151ad\u00e1s: <\/a><\/strong> Bevezet\u0151, alapfogalmak<\/p>\n<p align=\"justify\"><strong><a href=\"\/~szilagyi\/wp-content\/uploads\/halo\/Szamitogepes-halozatok-eloadas-diasor-02-Szilagyi-protected.pdf\">2. El\u0151ad\u00e1s: <\/a><\/strong> Fizikai r\u00e9teg<\/p>\n<p align=\"justify\"><strong><a href=\"\/~szilagyi\/wp-content\/uploads\/halo\/Szamitogepes-halozatok-eloadas-diasor-03-Szilagyi-protected.pdf\">3. El\u0151ad\u00e1s: <\/a><\/strong> Adatkapcsolati r\u00e9teg<\/p>\n<p align=\"justify\"><strong><a href=\"\/~szilagyi\/wp-content\/uploads\/halo\/Szamitogepes-halozatok-eloadas-diasor-04-Szilagyi-protected.pdf\">4. El\u0151ad\u00e1s: <\/a><\/strong> H\u00e1l\u00f3zati r\u00e9teg<\/p>\n<p align=\"justify\"><strong><a href=\"\/~szilagyi\/wp-content\/uploads\/halo\/Szamitogepes-halozatok-eloadas-diasor-05-Szilagyi-protected.pdf\">5. El\u0151ad\u00e1s: <\/a><\/strong> Sz\u00e1ll\u00edt\u00e1si r\u00e9teg<\/p>\n<p align=\"justify\"><strong><a href=\"\/~szilagyi\/wp-content\/uploads\/halo\/Szamitogepes-halozatok-eloadas-diasor-06-Szilagyi-protected.pdf\">6. El\u0151ad\u00e1s: <\/a><\/strong> Alkalmaz\u00e1si r\u00e9teg<\/p>\n","protected":false},"excerpt":{"rendered":"<p>1. El\u0151ad\u00e1s: Bevezet\u0151, alapfogalmak 2. El\u0151ad\u00e1s: Fizikai r\u00e9teg 3. El\u0151ad\u00e1s: Adatkapcsolati r\u00e9teg 4. El\u0151ad\u00e1s: H\u00e1l\u00f3zati r\u00e9teg 5. El\u0151ad\u00e1s: Sz\u00e1ll\u00edt\u00e1si r\u00e9teg 6. El\u0151ad\u00e1s: Alkalmaz\u00e1si r\u00e9teg<\/p>\n","protected":false},"author":1,"featured_media":0,"parent":0,"menu_order":0,"comment_status":"closed","ping_status":"closed","template":"template-fullwidth.php","meta":{"_ti_tpc_template_sync":false,"_ti_tpc_template_id":""},"uagb_featured_image_src":{"full":false,"thumbnail":false,"medium":false,"medium_large":false,"large":false,"1536x1536":false,"2048x2048":false,"zerif-post-thumbnail":false,"zerif-post-thumbnail-large":false,"zerif-post-thumbnail-large-table":false,"zerif-post-thumbnail-large-mobile":false,"zerif_project_photo":false,"zerif_our_team_photo":false},"uagb_author_info":{"display_name":"sszilagyi","author_link":"https:\/\/irh.inf.unideb.hu\/~szilagyi\/index.php\/author\/sszilagyi\/"},"uagb_comment_info":0,"uagb_excerpt":"1. El\u0151ad\u00e1s: Bevezet\u0151, alapfogalmak 2. El\u0151ad\u00e1s: Fizikai r\u00e9teg 3. El\u0151ad\u00e1s: Adatkapcsolati r\u00e9teg 4. El\u0151ad\u00e1s: H\u00e1l\u00f3zati r\u00e9teg 5. El\u0151ad\u00e1s: Sz\u00e1ll\u00edt\u00e1si r\u00e9teg 6. El\u0151ad\u00e1s: Alkalmaz\u00e1si r\u00e9teg","_links":{"self":[{"href":"https:\/\/irh.inf.unideb.hu\/~szilagyi\/index.php\/wp-json\/wp\/v2\/pages\/10737"}],"collection":[{"href":"https:\/\/irh.inf.unideb.hu\/~szilagyi\/index.php\/wp-json\/wp\/v2\/pages"}],"about":[{"href":"https:\/\/irh.inf.unideb.hu\/~szilagyi\/index.php\/wp-json\/wp\/v2\/types\/page"}],"author":[{"embeddable":true,"href":"https:\/\/irh.inf.unideb.hu\/~szilagyi\/index.php\/wp-json\/wp\/v2\/users\/1"}],"replies":[{"embeddable":true,"href":"https:\/\/irh.inf.unideb.hu\/~szilagyi\/index.php\/wp-json\/wp\/v2\/comments?post=10737"}],"version-history":[{"count":6,"href":"https:\/\/irh.inf.unideb.hu\/~szilagyi\/index.php\/wp-json\/wp\/v2\/pages\/10737\/revisions"}],"predecessor-version":[{"id":10921,"href":"https:\/\/irh.inf.unideb.hu\/~szilagyi\/index.php\/wp-json\/wp\/v2\/pages\/10737\/revisions\/10921"}],"wp:attachment":[{"href":"https:\/\/irh.inf.unideb.hu\/~szilagyi\/index.php\/wp-json\/wp\/v2\/media?parent=10737"}],"curies":[{"name":"wp","href":"https:\/\/api.w.org\/{rel}","templated":true}]}}