{"id":10740,"date":"2020-12-02T22:52:06","date_gmt":"2020-12-02T21:52:06","guid":{"rendered":"https:\/\/irh.inf.unideb.hu\/~szilagyi\/?page_id=10740"},"modified":"2020-12-03T22:35:08","modified_gmt":"2020-12-03T21:35:08","slug":"gyakorlati-tematika-levelezos","status":"publish","type":"page","link":"https:\/\/irh.inf.unideb.hu\/~szilagyi\/index.php\/gyakorlati-tematika-levelezos\/","title":{"rendered":"Gyakorlati tematika &#8211; levelez\u0151s"},"content":{"rendered":"\n<p align=\"justify\"><strong><a href=\"\/~szilagyi\/wp-content\/uploads\/halo\/Szamitogepes-halozatok-levelezos-gyakorlati-diasor-protected.pdf\">Teljes diasor: <\/a><\/strong> Bevezet\u0151 (alapfogalmak, referenciamodellek), fizikai r\u00e9teg (h\u00e1l\u00f3zati eszk\u00f6z\u00f6k, \u00e1tviteli k\u00f6zegek, Knoppix bevezet\u0151), adatkapcsolati r\u00e9teg (MAC c\u00edmz\u00e9s, <em>mii-tool<\/em>, <em>ethtool<\/em>, <em>ifconfig<\/em>), h\u00e1l\u00f3zati r\u00e9teg (IP konfigur\u00e1ci\u00f3, alh\u00e1l\u00f3zatok kialak\u00edt\u00e1sa, <em>ping<\/em>, kett\u0151s c\u00edmz\u00e9s (<em>arp<\/em>), <em>rarp<\/em>, routing t\u00e1bla, \u00fatv\u00e1laszt\u00e1s, <em>route<\/em>, <em>traceroute<\/em>, IPv6), sz\u00e1ll\u00edt\u00e1si r\u00e9teg (UDP, TCP, <em>netstat<\/em>, <em>netcat<\/em>, <em>nmap<\/em>, <em>Wireshark<\/em>), alkalmaz\u00e1si r\u00e9teg (DNS)<\/p>\n<p align=\"justify\"><strong>Megjegyz\u00e9s: <\/strong>A slide-ok nem tartalmazz\u00e1k az \u00f3ra teljes anyag\u00e1t, az eredm\u00e9nyes felk\u00e9sz\u00fcl\u00e9shez a gyakorlatok l\u00e1togat\u00e1sa sz\u00fcks\u00e9ges!!!<\/p>\n<br><br><br>\n<p align=\"justify\"><strong>A tananyag elk\u00e9sz\u00edt\u00e9s\u00e9t az EFOP-3.4.3-16-2016-00021 sz\u00e1m\u00fa projekt t\u00e1mogatta. A projekt az Eur\u00f3pai Uni\u00f3 t\u00e1mogat\u00e1s\u00e1val, az Eur\u00f3pai Szoci\u00e1lis Alap t\u00e1rsfinansz\u00edroz\u00e1s\u00e1val val\u00f3sult meg.<\/strong><\/p>\n","protected":false},"excerpt":{"rendered":"<p>Teljes diasor: Bevezet\u0151 (alapfogalmak, referenciamodellek), fizikai r\u00e9teg (h\u00e1l\u00f3zati eszk\u00f6z\u00f6k, \u00e1tviteli k\u00f6zegek, Knoppix bevezet\u0151), adatkapcsolati r\u00e9teg (MAC c\u00edmz\u00e9s, mii-tool, ethtool, ifconfig), h\u00e1l\u00f3zati r\u00e9teg (IP konfigur\u00e1ci\u00f3, alh\u00e1l\u00f3zatok kialak\u00edt\u00e1sa, ping, kett\u0151s c\u00edmz\u00e9s (arp), rarp, routing t\u00e1bla, \u00fatv\u00e1laszt\u00e1s, route, traceroute, IPv6), sz\u00e1ll\u00edt\u00e1si r\u00e9teg (UDP, TCP, netstat, netcat, nmap, Wireshark), alkalmaz\u00e1si r\u00e9teg (DNS) Megjegyz\u00e9s: A slide-ok nem tartalmazz\u00e1k az \u00f3ra <a href=\"https:\/\/irh.inf.unideb.hu\/~szilagyi\/index.php\/gyakorlati-tematika-levelezos\/\" rel=\"nofollow\"><span class=\"sr-only\">Read more about Gyakorlati tematika &#8211; levelez\u0151s<\/span>[&hellip;]<\/a><\/p>\n","protected":false},"author":1,"featured_media":0,"parent":0,"menu_order":0,"comment_status":"closed","ping_status":"closed","template":"template-fullwidth.php","meta":{"_ti_tpc_template_sync":false,"_ti_tpc_template_id":""},"uagb_featured_image_src":{"full":false,"thumbnail":false,"medium":false,"medium_large":false,"large":false,"1536x1536":false,"2048x2048":false,"zerif-post-thumbnail":false,"zerif-post-thumbnail-large":false,"zerif-post-thumbnail-large-table":false,"zerif-post-thumbnail-large-mobile":false,"zerif_project_photo":false,"zerif_our_team_photo":false},"uagb_author_info":{"display_name":"sszilagyi","author_link":"https:\/\/irh.inf.unideb.hu\/~szilagyi\/index.php\/author\/sszilagyi\/"},"uagb_comment_info":0,"uagb_excerpt":"Teljes diasor: Bevezet\u0151 (alapfogalmak, referenciamodellek), fizikai r\u00e9teg (h\u00e1l\u00f3zati eszk\u00f6z\u00f6k, \u00e1tviteli k\u00f6zegek, Knoppix bevezet\u0151), adatkapcsolati r\u00e9teg (MAC c\u00edmz\u00e9s, mii-tool, ethtool, ifconfig), h\u00e1l\u00f3zati r\u00e9teg (IP konfigur\u00e1ci\u00f3, alh\u00e1l\u00f3zatok kialak\u00edt\u00e1sa, ping, kett\u0151s c\u00edmz\u00e9s (arp), rarp, routing t\u00e1bla, \u00fatv\u00e1laszt\u00e1s, route, traceroute, IPv6), sz\u00e1ll\u00edt\u00e1si r\u00e9teg (UDP, TCP, netstat, netcat, nmap, Wireshark), alkalmaz\u00e1si r\u00e9teg (DNS) Megjegyz\u00e9s: A slide-ok nem tartalmazz\u00e1k az \u00f3ra&hellip;","_links":{"self":[{"href":"https:\/\/irh.inf.unideb.hu\/~szilagyi\/index.php\/wp-json\/wp\/v2\/pages\/10740"}],"collection":[{"href":"https:\/\/irh.inf.unideb.hu\/~szilagyi\/index.php\/wp-json\/wp\/v2\/pages"}],"about":[{"href":"https:\/\/irh.inf.unideb.hu\/~szilagyi\/index.php\/wp-json\/wp\/v2\/types\/page"}],"author":[{"embeddable":true,"href":"https:\/\/irh.inf.unideb.hu\/~szilagyi\/index.php\/wp-json\/wp\/v2\/users\/1"}],"replies":[{"embeddable":true,"href":"https:\/\/irh.inf.unideb.hu\/~szilagyi\/index.php\/wp-json\/wp\/v2\/comments?post=10740"}],"version-history":[{"count":11,"href":"https:\/\/irh.inf.unideb.hu\/~szilagyi\/index.php\/wp-json\/wp\/v2\/pages\/10740\/revisions"}],"predecessor-version":[{"id":10917,"href":"https:\/\/irh.inf.unideb.hu\/~szilagyi\/index.php\/wp-json\/wp\/v2\/pages\/10740\/revisions\/10917"}],"wp:attachment":[{"href":"https:\/\/irh.inf.unideb.hu\/~szilagyi\/index.php\/wp-json\/wp\/v2\/media?parent=10740"}],"curies":[{"name":"wp","href":"https:\/\/api.w.org\/{rel}","templated":true}]}}