{"id":10744,"date":"2020-12-02T23:04:20","date_gmt":"2020-12-02T22:04:20","guid":{"rendered":"https:\/\/irh.inf.unideb.hu\/~szilagyi\/?page_id=10744"},"modified":"2022-09-09T15:47:50","modified_gmt":"2022-09-09T14:47:50","slug":"szamitogepes-halozatok-nappali","status":"publish","type":"page","link":"https:\/\/irh.inf.unideb.hu\/~szilagyi\/index.php\/szamitogepes-halozatok-nappali\/","title":{"rendered":"Sz\u00e1m\u00edt\u00f3g\u00e9pes h\u00e1l\u00f3zatok (nappali)"},"content":{"rendered":"\n2021\/22 I. f\u00e9l\u00e9v, MI BSc.\n<br><br>\n<strong>\u00c1ltal\u00e1nos t\u00e1j\u00e9koztat\u00f3k <\/strong> \n<br><br>\n<p align=\"justify\">A t\u00e1rgy bemutatja a sz\u00e1m\u00edt\u00f3g\u00e9p kommunik\u00e1ci\u00f3s funkci\u00f3it \u00e9s azok m\u0171k\u00f6d\u00e9s\u00e9t. Adat\u00e1tviteli protokollok \u00e9s architekt\u00far\u00e1k gyakorlati sz\u00fcks\u00e9gess\u00e9g\u00e9t \u00e9s alkalmaz\u00e1si lehet\u0151s\u00e9geit t\u00e1rgyalja. \u00c1tadja a sz\u00e1m\u00edt\u00f3g\u00e9pes h\u00e1l\u00f3zatok felhaszn\u00e1l\u00e1sa, tervez\u00e9se, \u00fczemeltet\u00e9se k\u00e9pess\u00e9g\u00e9nek kialak\u00edt\u00e1s\u00e1hoz sz\u00fcks\u00e9ges alapismereteket.<\/p>\n\n<p align=\"justify\"><b>Bel\u00e9p\u00e9skor elv\u00e1rt kompetenci\u00e1k:<\/b> Sz\u00e1m\u00edt\u00f3g\u00e9p hardver fel\u00e9p\u00edt\u00e9s\u00e9nek \u00e9s m\u0171k\u00f6d\u00e9s\u00e9nek ismerete alapj\u00e1n t\u00f6rt\u00e9nik a kommunik\u00e1ci\u00f3s funkci\u00f3val kapcsolatos gyakorlati tud\u00e1s \u00e1tad\u00e1sa. Alapvet\u0151 programoz\u00e1si k\u00e9pess\u00e9gek sz\u00fcks\u00e9gesek a kommunik\u00e1ci\u00f3s t\u00e9m\u00e1kat r\u00e9szletez\u0151 laborgyakorlatok elv\u00e9gz\u00e9s\u00e9hez.<\/p>\n\n<p align=\"justify\">Sz\u00e1monk\u00e9r\u00e9skor az el\u0151\u00edrt laborgyakorlati t\u00e9m\u00e1k teljes\u00edt\u00e9s\u00e9t m\u00e9rj\u00fck. A m\u00e9rn\u00f6ki kompetencia miatt mindegyik labort\u00e9m\u00e1t teljes\u00edteni kell a tant\u00e1rgy abszolv\u00e1l\u00e1s\u00e1hoz. A h\u00e1tt\u00e9r tananyag (mechanizmusok, architekt\u00far\u00e1k, folyamatok) pontos ismeret\u00e9t \u00edr\u00e1sbeli vizsg\u00e1n kell bizony\u00edtani.<\/p>\n\n<ul>\n<li><a href=\"https:\/\/www.ik.unideb.hu\/syllabi\/\">Syllabus <\/a><\/li>\n<\/ul>\n\n<strong>Szoftverek <\/strong>\n<br><br>\n\n<ul>\n<li><a href=\"https:\/\/www.virtualbox.org\">VirtualBox<\/a><\/li>\n<li><a href=\"https:\/\/nas01.inf.unideb.hu\/share.cgi?ssid=847f42de58fb4054b027ad0428aeaf64\">Knoppix 6.2 DVD k\u00e9pf\u00e1jl<\/a><\/li>\n<li><a href=\"http:\/\/www.wireshark.org\/\">Wireshark<\/a><\/li>\n<\/ul>\n\n<strong>Gyakorlati seg\u00e9dletek <\/strong>\n<br><br>\n\n<ul>\n        <li><a href=\"https:\/\/irh.inf.unideb.hu\/~szilagyi\/index.php\/gyakorlati-tematika\/\">Laborgyakorlati prezent\u00e1ci\u00f3k<\/a><\/li>\n        <li><a href=\"https:\/\/irh.inf.unideb.hu\/~szilagyi\/wp-content\/uploads\/halo\/halorj.pdf\">Roszik J\u00e1nos gyakorlati seg\u00e9dlete<\/a><\/li>\n        <li><a href=\"https:\/\/wiki.sch.bme.hu\/images\/8\/82\/SzgHalok_Lencse_Szamitogep_halozatok.pdf.pdf\">Dr. Lencse G\u00e1bor jegyzete<\/a><\/li>\n        <li><a href=\"http:\/\/www.hit.bme.hu\/~lencse\/publications\/IPv6-konyv.pdf\">IPv6 k\u00f6nyv<\/a><\/li>\n        <li><a href=\"https:\/\/irh.inf.unideb.hu\/~szilagyi\/wp-content\/uploads\/halo\/Halozatok_segedlet.pdf\">Seg\u00e9dlet a laborgyakorlatokon vett Linux parancsokhoz<\/a><\/li>\n        <li><a href=\"https:\/\/irh.inf.unideb.hu\/~szilagyi\/wp-content\/uploads\/halo\/Wireshark_bevezeto.pdf\">Wireshark bevezet\u0151 <\/a><\/li>\n        <li><a href=\"https:\/\/irh.inf.unideb.hu\/~szilagyi\/wp-content\/uploads\/halo\/Wireshark_filterek.pdf\">Wireshark sz\u0171r\u0151k <\/a><\/li>\n        <li><a href=\"https:\/\/irh.inf.unideb.hu\/~szilagyi\/wp-content\/uploads\/halo\/dns.tgz\">DNS mintakonfigur\u00e1ci\u00f3 <\/a><\/li>\n   <!--     <li><a href=\"http:\/\/people.inf.elte.hu\/toke\/SOCKET\/bgnet-hun\/bgnet.html\">H\u00e1l\u00f3zati programoz\u00e1s Internet Socketek haszn\u00e1lat\u00e1val <\/a><\/li>-->\n       <!-- <li><a href=\"http:\/\/nimrud.eet.bme.hu\/mk\/socket_programozas\/\">Socket programoz\u00e1s C nyelven <\/a><\/li>-->\n <!--       <li><a href=\"https:\/\/irh.inf.unideb.hu\/~szilagyi\/index.php\/program-megirasa-es-vedese\/\">Program meg\u00edr\u00e1sa \u00e9s v\u00e9d\u00e9se <\/a><\/li><\/ul>-->\n","protected":false},"excerpt":{"rendered":"<p>2021\/22 I. f\u00e9l\u00e9v, MI BSc. \u00c1ltal\u00e1nos t\u00e1j\u00e9koztat\u00f3k A t\u00e1rgy bemutatja a sz\u00e1m\u00edt\u00f3g\u00e9p kommunik\u00e1ci\u00f3s funkci\u00f3it \u00e9s azok m\u0171k\u00f6d\u00e9s\u00e9t. Adat\u00e1tviteli protokollok \u00e9s architekt\u00far\u00e1k gyakorlati sz\u00fcks\u00e9gess\u00e9g\u00e9t \u00e9s alkalmaz\u00e1si lehet\u0151s\u00e9geit t\u00e1rgyalja. \u00c1tadja a sz\u00e1m\u00edt\u00f3g\u00e9pes h\u00e1l\u00f3zatok felhaszn\u00e1l\u00e1sa, tervez\u00e9se, \u00fczemeltet\u00e9se k\u00e9pess\u00e9g\u00e9nek kialak\u00edt\u00e1s\u00e1hoz sz\u00fcks\u00e9ges alapismereteket. Bel\u00e9p\u00e9skor elv\u00e1rt kompetenci\u00e1k: Sz\u00e1m\u00edt\u00f3g\u00e9p hardver fel\u00e9p\u00edt\u00e9s\u00e9nek \u00e9s m\u0171k\u00f6d\u00e9s\u00e9nek ismerete alapj\u00e1n t\u00f6rt\u00e9nik a kommunik\u00e1ci\u00f3s funkci\u00f3val kapcsolatos gyakorlati tud\u00e1s <a href=\"https:\/\/irh.inf.unideb.hu\/~szilagyi\/index.php\/szamitogepes-halozatok-nappali\/\" rel=\"nofollow\"><span class=\"sr-only\">Read more about Sz\u00e1m\u00edt\u00f3g\u00e9pes h\u00e1l\u00f3zatok (nappali)<\/span>[&hellip;]<\/a><\/p>\n","protected":false},"author":1,"featured_media":0,"parent":0,"menu_order":0,"comment_status":"closed","ping_status":"closed","template":"template-fullwidth.php","meta":{"_ti_tpc_template_sync":false,"_ti_tpc_template_id":""},"uagb_featured_image_src":{"full":false,"thumbnail":false,"medium":false,"medium_large":false,"large":false,"1536x1536":false,"2048x2048":false,"zerif-post-thumbnail":false,"zerif-post-thumbnail-large":false,"zerif-post-thumbnail-large-table":false,"zerif-post-thumbnail-large-mobile":false,"zerif_project_photo":false,"zerif_our_team_photo":false},"uagb_author_info":{"display_name":"sszilagyi","author_link":"https:\/\/irh.inf.unideb.hu\/~szilagyi\/index.php\/author\/sszilagyi\/"},"uagb_comment_info":0,"uagb_excerpt":"2021\/22 I. f\u00e9l\u00e9v, MI BSc. \u00c1ltal\u00e1nos t\u00e1j\u00e9koztat\u00f3k A t\u00e1rgy bemutatja a sz\u00e1m\u00edt\u00f3g\u00e9p kommunik\u00e1ci\u00f3s funkci\u00f3it \u00e9s azok m\u0171k\u00f6d\u00e9s\u00e9t. Adat\u00e1tviteli protokollok \u00e9s architekt\u00far\u00e1k gyakorlati sz\u00fcks\u00e9gess\u00e9g\u00e9t \u00e9s alkalmaz\u00e1si lehet\u0151s\u00e9geit t\u00e1rgyalja. \u00c1tadja a sz\u00e1m\u00edt\u00f3g\u00e9pes h\u00e1l\u00f3zatok felhaszn\u00e1l\u00e1sa, tervez\u00e9se, \u00fczemeltet\u00e9se k\u00e9pess\u00e9g\u00e9nek kialak\u00edt\u00e1s\u00e1hoz sz\u00fcks\u00e9ges alapismereteket. Bel\u00e9p\u00e9skor elv\u00e1rt kompetenci\u00e1k: Sz\u00e1m\u00edt\u00f3g\u00e9p hardver fel\u00e9p\u00edt\u00e9s\u00e9nek \u00e9s m\u0171k\u00f6d\u00e9s\u00e9nek ismerete alapj\u00e1n t\u00f6rt\u00e9nik a kommunik\u00e1ci\u00f3s funkci\u00f3val kapcsolatos gyakorlati tud\u00e1s&hellip;","_links":{"self":[{"href":"https:\/\/irh.inf.unideb.hu\/~szilagyi\/index.php\/wp-json\/wp\/v2\/pages\/10744"}],"collection":[{"href":"https:\/\/irh.inf.unideb.hu\/~szilagyi\/index.php\/wp-json\/wp\/v2\/pages"}],"about":[{"href":"https:\/\/irh.inf.unideb.hu\/~szilagyi\/index.php\/wp-json\/wp\/v2\/types\/page"}],"author":[{"embeddable":true,"href":"https:\/\/irh.inf.unideb.hu\/~szilagyi\/index.php\/wp-json\/wp\/v2\/users\/1"}],"replies":[{"embeddable":true,"href":"https:\/\/irh.inf.unideb.hu\/~szilagyi\/index.php\/wp-json\/wp\/v2\/comments?post=10744"}],"version-history":[{"count":8,"href":"https:\/\/irh.inf.unideb.hu\/~szilagyi\/index.php\/wp-json\/wp\/v2\/pages\/10744\/revisions"}],"predecessor-version":[{"id":11010,"href":"https:\/\/irh.inf.unideb.hu\/~szilagyi\/index.php\/wp-json\/wp\/v2\/pages\/10744\/revisions\/11010"}],"wp:attachment":[{"href":"https:\/\/irh.inf.unideb.hu\/~szilagyi\/index.php\/wp-json\/wp\/v2\/media?parent=10744"}],"curies":[{"name":"wp","href":"https:\/\/api.w.org\/{rel}","templated":true}]}}