{"id":10747,"date":"2020-12-02T23:07:44","date_gmt":"2020-12-02T22:07:44","guid":{"rendered":"https:\/\/irh.inf.unideb.hu\/~szilagyi\/?page_id=10747"},"modified":"2021-09-10T16:43:08","modified_gmt":"2021-09-10T15:43:08","slug":"gyakorlati-tematika","status":"publish","type":"page","link":"https:\/\/irh.inf.unideb.hu\/~szilagyi\/index.php\/gyakorlati-tematika\/","title":{"rendered":"Gyakorlati tematika"},"content":{"rendered":"\n<p><strong><a>1. h\u00e9t: <\/a><\/strong> \u00c1ltal\u00e1nos t\u00e1j\u00e9koztat\u00f3<\/p>\n\n\n\n<p><strong><a href=\"https:\/\/irh.inf.unideb.hu\/~szilagyi\/wp-content\/uploads\/01-protected.pdf\">2. h\u00e9t: <\/a><\/strong> Bevezet\u0151 (alapfogalmak, referenciamodellek), fizikai r\u00e9teg<\/p>\n\n\n\n<p><strong><a href=\"https:\/\/irh.inf.unideb.hu\/~szilagyi\/wp-content\/uploads\/02-protected.pdf\">3. h\u00e9t: <\/a><\/strong> Knoppix bevezet\u0151, adatkapcsolati r\u00e9teg (MAC c\u00edmz\u00e9s, <em>mii-tool<\/em>, <em>ethtool<\/em>, <em>ifconfig<\/em>), h\u00e1l\u00f3zati r\u00e9teg (IP c\u00edmz\u00e9s)<\/p>\n\n\n\n<p><strong><a href=\"https:\/\/irh.inf.unideb.hu\/~szilagyi\/wp-content\/uploads\/03-protected.pdf\">4. h\u00e9t: <\/a><\/strong> H\u00e1l\u00f3zati r\u00e9teg: IP konfigur\u00e1ci\u00f3, alh\u00e1l\u00f3zatok kialak\u00edt\u00e1sa, <em>ping<\/em>, kett\u0151s c\u00edmz\u00e9s (<em>arp<\/em>)<\/p>\n\n\n\n<p><strong><a href=\"https:\/\/irh.inf.unideb.hu\/~szilagyi\/wp-content\/uploads\/04-protected.pdf\">5. h\u00e9t: <\/a><\/strong> H\u00e1l\u00f3zati r\u00e9teg: <em>rarp<\/em>, routing t\u00e1bla, \u00fatv\u00e1laszt\u00e1s, <em>route<\/em>, <em>traceroute<\/em><\/p>\n\n\n\n<p><strong><a href=\"https:\/\/irh.inf.unideb.hu\/~szilagyi\/wp-content\/uploads\/05-protected.pdf\">6. h\u00e9t: <\/a><\/strong> H\u00e1l\u00f3zati r\u00e9teg: IPv6<\/p>\n\n\n\n<p><strong><a href=\"https:\/\/irh.inf.unideb.hu\/~szilagyi\/wp-content\/uploads\/Minta-ZH-protected.pdf\">7. h\u00e9t: <\/a><\/strong>ZH<\/p>\n\n\n\n<p><strong><a href=\"https:\/\/irh.inf.unideb.hu\/~szilagyi\/wp-content\/uploads\/06-protected.pdf\">8. h\u00e9t: <\/a><\/strong> Sz\u00e1ll\u00edt\u00e1si r\u00e9teg: UDP, TCP, <em>netstat<\/em>, <em>netcat<\/em>, <em>nmap<\/em><\/p>\n\n<p><strong><a>9. h\u00e9t: <\/a><\/strong> Szakmai napok \/ \u0151szi sz\u00fcnet<\/p>\n\n\n\n<p><strong><a href=\"https:\/\/irh.inf.unideb.hu\/~szilagyi\/wp-content\/uploads\/07-protected.pdf\">10. h\u00e9t: <\/a><\/strong> Sz\u00e1ll\u00edt\u00e1si r\u00e9teg: <em>Wireshark<\/em>, alkalmaz\u00e1si r\u00e9teg: DNS<\/p>\n\n\n\n<p><\/p>\n\n\n\n<p><\/p>\n\n\n\n<p><strong><a>12. h\u00e9t: <\/a><\/strong> ZH<\/p>\n\n\n\n<p><strong><a>13. h\u00e9t: <\/a><\/strong> P\u00f3tl\u00e1si alkalom.<\/p>\n\n\n\n<p><strong><a>14. h\u00e9t: <\/a><\/strong> P\u00f3tl\u00e1si alkalom.<\/p>\n\n\n\n<p><strong>Megjegyz\u00e9s: <\/strong><\/p>\n\n\n\n<p>A slide-ok nem tartalmazz\u00e1k az \u00f3ra teljes anyag\u00e1t, az eredm\u00e9nyes felk\u00e9sz\u00fcl\u00e9shez a gyakorlatok l\u00e1togat\u00e1sa sz\u00fcks\u00e9ges!!!<\/p>\n","protected":false},"excerpt":{"rendered":"<p>1. h\u00e9t: \u00c1ltal\u00e1nos t\u00e1j\u00e9koztat\u00f3 2. h\u00e9t: Bevezet\u0151 (alapfogalmak, referenciamodellek), fizikai r\u00e9teg 3. h\u00e9t: Knoppix bevezet\u0151, adatkapcsolati r\u00e9teg (MAC c\u00edmz\u00e9s, mii-tool, ethtool, ifconfig), h\u00e1l\u00f3zati r\u00e9teg (IP c\u00edmz\u00e9s) 4. h\u00e9t: H\u00e1l\u00f3zati r\u00e9teg: IP konfigur\u00e1ci\u00f3, alh\u00e1l\u00f3zatok kialak\u00edt\u00e1sa, ping, kett\u0151s c\u00edmz\u00e9s (arp) 5. h\u00e9t: H\u00e1l\u00f3zati r\u00e9teg: rarp, routing t\u00e1bla, \u00fatv\u00e1laszt\u00e1s, route, traceroute 6. h\u00e9t: H\u00e1l\u00f3zati r\u00e9teg: IPv6 7. h\u00e9t: <a href=\"https:\/\/irh.inf.unideb.hu\/~szilagyi\/index.php\/gyakorlati-tematika\/\" rel=\"nofollow\"><span class=\"sr-only\">Read more about Gyakorlati tematika<\/span>[&hellip;]<\/a><\/p>\n","protected":false},"author":1,"featured_media":0,"parent":0,"menu_order":0,"comment_status":"closed","ping_status":"closed","template":"template-fullwidth.php","meta":{"_ti_tpc_template_sync":false,"_ti_tpc_template_id":""},"uagb_featured_image_src":{"full":false,"thumbnail":false,"medium":false,"medium_large":false,"large":false,"1536x1536":false,"2048x2048":false,"zerif-post-thumbnail":false,"zerif-post-thumbnail-large":false,"zerif-post-thumbnail-large-table":false,"zerif-post-thumbnail-large-mobile":false,"zerif_project_photo":false,"zerif_our_team_photo":false},"uagb_author_info":{"display_name":"sszilagyi","author_link":"https:\/\/irh.inf.unideb.hu\/~szilagyi\/index.php\/author\/sszilagyi\/"},"uagb_comment_info":0,"uagb_excerpt":"1. h\u00e9t: \u00c1ltal\u00e1nos t\u00e1j\u00e9koztat\u00f3 2. h\u00e9t: Bevezet\u0151 (alapfogalmak, referenciamodellek), fizikai r\u00e9teg 3. h\u00e9t: Knoppix bevezet\u0151, adatkapcsolati r\u00e9teg (MAC c\u00edmz\u00e9s, mii-tool, ethtool, ifconfig), h\u00e1l\u00f3zati r\u00e9teg (IP c\u00edmz\u00e9s) 4. h\u00e9t: H\u00e1l\u00f3zati r\u00e9teg: IP konfigur\u00e1ci\u00f3, alh\u00e1l\u00f3zatok kialak\u00edt\u00e1sa, ping, kett\u0151s c\u00edmz\u00e9s (arp) 5. h\u00e9t: H\u00e1l\u00f3zati r\u00e9teg: rarp, routing t\u00e1bla, \u00fatv\u00e1laszt\u00e1s, route, traceroute 6. h\u00e9t: H\u00e1l\u00f3zati r\u00e9teg: IPv6 7. h\u00e9t:&hellip;","_links":{"self":[{"href":"https:\/\/irh.inf.unideb.hu\/~szilagyi\/index.php\/wp-json\/wp\/v2\/pages\/10747"}],"collection":[{"href":"https:\/\/irh.inf.unideb.hu\/~szilagyi\/index.php\/wp-json\/wp\/v2\/pages"}],"about":[{"href":"https:\/\/irh.inf.unideb.hu\/~szilagyi\/index.php\/wp-json\/wp\/v2\/types\/page"}],"author":[{"embeddable":true,"href":"https:\/\/irh.inf.unideb.hu\/~szilagyi\/index.php\/wp-json\/wp\/v2\/users\/1"}],"replies":[{"embeddable":true,"href":"https:\/\/irh.inf.unideb.hu\/~szilagyi\/index.php\/wp-json\/wp\/v2\/comments?post=10747"}],"version-history":[{"count":4,"href":"https:\/\/irh.inf.unideb.hu\/~szilagyi\/index.php\/wp-json\/wp\/v2\/pages\/10747\/revisions"}],"predecessor-version":[{"id":10976,"href":"https:\/\/irh.inf.unideb.hu\/~szilagyi\/index.php\/wp-json\/wp\/v2\/pages\/10747\/revisions\/10976"}],"wp:attachment":[{"href":"https:\/\/irh.inf.unideb.hu\/~szilagyi\/index.php\/wp-json\/wp\/v2\/media?parent=10747"}],"curies":[{"name":"wp","href":"https:\/\/api.w.org\/{rel}","templated":true}]}}