{"id":11052,"date":"2023-09-05T18:04:00","date_gmt":"2023-09-05T17:04:00","guid":{"rendered":"https:\/\/irh.inf.unideb.hu\/~szilagyi\/?page_id=11052"},"modified":"2023-09-05T18:12:34","modified_gmt":"2023-09-05T17:12:34","slug":"infokommunikacios-rendszerek-uzemeltetese","status":"publish","type":"page","link":"https:\/\/irh.inf.unideb.hu\/~szilagyi\/index.php\/infokommunikacios-rendszerek-uzemeltetese\/","title":{"rendered":"Infokommunik\u00e1ci\u00f3s rendszerek \u00fczemeltet\u00e9se"},"content":{"rendered":"\n<div class=\"wp-block-themeisle-blocks-advanced-columns has-1-columns has-desktop-equal-layout has-tablet-equal-layout has-mobile-equal-layout has-default-gap has-vertical-unset\" id=\"wp-block-themeisle-blocks-advanced-columns-c7f911ac\"><div class=\"wp-block-themeisle-blocks-advanced-columns-overlay\"><\/div><div class=\"innerblocks-wrap\">\n<div class=\"wp-block-themeisle-blocks-advanced-column\" id=\"wp-block-themeisle-blocks-advanced-column-2bd51383\">\n<strong>\u00c1ltal\u00e1nos t\u00e1j\u00e9koztat\u00f3 <\/strong> \n<br><br>\n\n<p align=\"justify\">A t\u00e1rgy bevezet\u00e9st ad a Cisco h\u00e1l\u00f3zati eszk\u00f6z\u00f6k programoz\u00e1s\u00e1ba. A hallgat\u00f3k a Sz\u00e1m\u00edt\u00f3g\u00e9p architekt\u00far\u00e1k, ill. Sz\u00e1m\u00edt\u00f3g\u00e9pes h\u00e1l\u00f3zatok c. tant\u00e1rgy elv\u00e9gz\u00e9se ut\u00e1n konkr\u00e9t h\u00e1l\u00f3zati eszk\u00f6z\u00f6kre (router-ekre, illetve switch-ekre) vonatkoz\u00f3 elm\u00e9leti \u00e9s gyakorlati tud\u00e1st szerezhetnek.<\/p>\n\n<p align=\"justify\">A t\u00e1rgy a CCNA 7.02 Cisco Akad\u00e9miai tananyagot 2. kurzus\u00e1t (Switching, Routing, and Wireless Essentials) dolgozza fel, hetenk\u00e9nt egy-k\u00e9t fejezetes l\u00e9pt\u00e9kben haladva.<\/p>\n\n<p align=\"justify\">A kurzus sikeres teljes\u00edt\u00e9se eset\u00e9n a hallgat\u00f3k k\u00e9pesek lesznek Cisco forgalomir\u00e1ny\u00edt\u00f3k \u00e9s kapcsol\u00f3k alapszint\u0171 konfigur\u00e1ci\u00f3inak elv\u00e9gz\u00e9s\u00e9re .<\/p>\n\n<ul>\n<li><a href=\"https:\/\/www.ik.unideb.hu\/syllabi\/\">Syllabus <\/a><\/li>\n<li><a href=\"https:\/\/elearning.unideb.hu\/\/\">Egyetemi elearning platform<\/a><\/li>\n<\/ul>\n\n<strong>Honlapok <\/strong>\n<br><br>\n\n<ul>\n<li><a href=\"http:\/\/www.cisco.com\/\">Cisco<\/a><\/li>\n<li><a href=\"https:\/\/www.netacad.com\/\">Cisco NetSpace<\/a><\/li>\n<\/ul>\n\n<strong>Szoftverek <\/strong>\n<br><br>\n\n<ul>\n<li><a href=\"https:\/\/www.netacad.com\/\">Cisco Packet Tracer<\/a><\/li>\n<li><a href=\"https:\/\/www.gns3.com\/\">GNS3<\/a><\/li>\n<li><a href=\"http:\/\/java.com\">Java<\/a><\/li>\n<li><a href=\"http:\/\/www.putty.org\/\">PuTTY<\/a><\/li>\n<li><a href=\"https:\/\/www.manageengine.com\/products\/mibbrowser-free-tool\/download.html\">SNMP MIB browser<\/a><\/li>\n<li><a href=\"http:\/\/ttssh2.sourceforge.jp\/\">Tera Term<\/a><\/li>\n<li><a href=\"http:\/\/tftpd32.jounin.net\/\">Tftpd64<\/a><\/li>\n<li><a href=\"https:\/\/www.virtualbox.org\">VirtualBox<\/a><\/li>\n<li><a href=\"https:\/\/ubuntu.com\/#download\">Linux Ubuntu virtu\u00e1lis g\u00e9p<\/a><\/li>\n<li><a href=\"https:\/\/reactos.org\/\">ReacOS virtu\u00e1lis g\u00e9p<\/a><\/li>\n<li><a href=\"http:\/\/www.wireshark.org\/\">Wireshark<\/a><\/li>\n<\/ul>\n<\/div>\n<\/div><\/div>\n\n\n\n<p><\/p>\n","protected":false},"excerpt":{"rendered":"","protected":false},"author":1,"featured_media":0,"parent":0,"menu_order":0,"comment_status":"closed","ping_status":"closed","template":"template-fullwidth.php","meta":{"_ti_tpc_template_sync":false,"_ti_tpc_template_id":""},"uagb_featured_image_src":{"full":false,"thumbnail":false,"medium":false,"medium_large":false,"large":false,"1536x1536":false,"2048x2048":false,"zerif-post-thumbnail":false,"zerif-post-thumbnail-large":false,"zerif-post-thumbnail-large-table":false,"zerif-post-thumbnail-large-mobile":false,"zerif_project_photo":false,"zerif_our_team_photo":false},"uagb_author_info":{"display_name":"sszilagyi","author_link":"https:\/\/irh.inf.unideb.hu\/~szilagyi\/index.php\/author\/sszilagyi\/"},"uagb_comment_info":0,"uagb_excerpt":null,"_links":{"self":[{"href":"https:\/\/irh.inf.unideb.hu\/~szilagyi\/index.php\/wp-json\/wp\/v2\/pages\/11052"}],"collection":[{"href":"https:\/\/irh.inf.unideb.hu\/~szilagyi\/index.php\/wp-json\/wp\/v2\/pages"}],"about":[{"href":"https:\/\/irh.inf.unideb.hu\/~szilagyi\/index.php\/wp-json\/wp\/v2\/types\/page"}],"author":[{"embeddable":true,"href":"https:\/\/irh.inf.unideb.hu\/~szilagyi\/index.php\/wp-json\/wp\/v2\/users\/1"}],"replies":[{"embeddable":true,"href":"https:\/\/irh.inf.unideb.hu\/~szilagyi\/index.php\/wp-json\/wp\/v2\/comments?post=11052"}],"version-history":[{"count":3,"href":"https:\/\/irh.inf.unideb.hu\/~szilagyi\/index.php\/wp-json\/wp\/v2\/pages\/11052\/revisions"}],"predecessor-version":[{"id":11057,"href":"https:\/\/irh.inf.unideb.hu\/~szilagyi\/index.php\/wp-json\/wp\/v2\/pages\/11052\/revisions\/11057"}],"wp:attachment":[{"href":"https:\/\/irh.inf.unideb.hu\/~szilagyi\/index.php\/wp-json\/wp\/v2\/media?parent=11052"}],"curies":[{"name":"wp","href":"https:\/\/api.w.org\/{rel}","templated":true}]}}