{"id":20,"date":"2020-11-29T13:09:48","date_gmt":"2020-11-29T13:09:48","guid":{"rendered":"http:\/\/193.6.135.162\/~tberczes\/index.php\/kezdolap-english\/"},"modified":"2020-11-29T14:23:50","modified_gmt":"2020-11-29T14:23:50","slug":"kezdolap-english","status":"publish","type":"page","link":"https:\/\/irh.inf.unideb.hu\/~tberczes\/index.php\/en\/kezdolap-english\/","title":{"rendered":"Home"},"content":{"rendered":"\n<div class=\"wp-block-image\"><figure class=\"alignright size-large\"><img loading=\"lazy\" width=\"150\" height=\"150\" src=\"http:\/\/193.6.135.162\/~tberczes\/wp-content\/uploads\/2020\/11\/cropped-BerczesTamas-150x150-2.jpg\" alt=\"\" class=\"wp-image-43\"\/><\/figure><\/div>\n\n\n\n<h3><strong>Work place:<\/strong><\/h3>\n\n\n\n<p><a href=\"http:\/\/www.unideb.hu\/\">University of Debrecen<\/a><br><a href=\"http:\/\/www.inf.unideb.hu\/\">Faculty of Informatics<\/a><br><a href=\"https:\/\/irh.inf.unideb.hu\/\">Department of Informatics Systems and Networks<\/a><\/p>\n\n\n\n<h3><strong>Address<\/strong>:<\/h3>\n\n\n\n<p>4028 <a href=\"http:\/\/irh.inf.unideb.hu\/\">Debrecen<\/a>, Kassai \u00fat 26<br>levelez\u00e9si c\u00edm: 4010 Debrecen, Pf. 12<br>szoba: IF10<br>telefon: (36) 52 &#8211; 512 900 \/ 75010<br>fax: (36) 52 &#8211; 416 857<\/p>\n\n\n\n<h3><strong>Email<\/strong>:<\/h3>\n\n\n\n<p>e-mail: <a href=\"mailto:tberczes@inf.unideb.hu\">berczes.tamas@inf.unideb.hu<\/a><\/p>\n","protected":false},"excerpt":{"rendered":"<p>Work place: University of DebrecenFaculty of InformaticsDepartment of Informatics Systems and Networks Address: 4028 Debrecen, Kassai \u00fat 26levelez\u00e9si c\u00edm: 4010 Debrecen, Pf. 12szoba: IF10telefon: (36) 52 &#8211; 512 900 \/ 75010fax: (36) 52 &#8211; 416 857 Email: e-mail: berczes.tamas@inf.unideb.hu<\/p>\n","protected":false},"author":1,"featured_media":0,"parent":0,"menu_order":0,"comment_status":"closed","ping_status":"closed","template":"onecolumn-page.php","meta":[],"_links":{"self":[{"href":"https:\/\/irh.inf.unideb.hu\/~tberczes\/index.php\/wp-json\/wp\/v2\/pages\/20"}],"collection":[{"href":"https:\/\/irh.inf.unideb.hu\/~tberczes\/index.php\/wp-json\/wp\/v2\/pages"}],"about":[{"href":"https:\/\/irh.inf.unideb.hu\/~tberczes\/index.php\/wp-json\/wp\/v2\/types\/page"}],"author":[{"embeddable":true,"href":"https:\/\/irh.inf.unideb.hu\/~tberczes\/index.php\/wp-json\/wp\/v2\/users\/1"}],"replies":[{"embeddable":true,"href":"https:\/\/irh.inf.unideb.hu\/~tberczes\/index.php\/wp-json\/wp\/v2\/comments?post=20"}],"version-history":[{"count":3,"href":"https:\/\/irh.inf.unideb.hu\/~tberczes\/index.php\/wp-json\/wp\/v2\/pages\/20\/revisions"}],"predecessor-version":[{"id":46,"href":"https:\/\/irh.inf.unideb.hu\/~tberczes\/index.php\/wp-json\/wp\/v2\/pages\/20\/revisions\/46"}],"wp:attachment":[{"href":"https:\/\/irh.inf.unideb.hu\/~tberczes\/index.php\/wp-json\/wp\/v2\/media?parent=20"}],"curies":[{"name":"wp","href":"https:\/\/api.w.org\/{rel}","templated":true}]}}