{"id":26,"date":"2020-11-29T13:49:27","date_gmt":"2020-11-29T13:49:27","guid":{"rendered":"http:\/\/193.6.135.162\/~tberczes\/?page_id=26"},"modified":"2020-12-01T17:09:57","modified_gmt":"2020-12-01T17:09:57","slug":"oktatas","status":"publish","type":"page","link":"https:\/\/irh.inf.unideb.hu\/~tberczes\/index.php\/oktatas\/","title":{"rendered":"Oktat\u00e1s"},"content":{"rendered":"\n<p><strong>Oktatott t\u00e1rgyak<\/strong><\/p>\n\n\n\n<ul><li><a href=\"https:\/\/irh.inf.unideb.hu\/~tberczes\/index.php\/bevezetes-a-labview-programozasba\/\">Bevezet\u00e9s a LabView programoz\u00e1sba<\/a><\/li><li><a href=\"https:\/\/irh.inf.unideb.hu\/~tberczes\/index.php\/bevezetes-a-microsoft-net-3-5-framework-es-windows-communication-foundation-be\/\">Bevezet\u00e9s a Microsoft .NET 3.5 framework \u00e9s Windows Communication Foundation-be<\/a><\/li><li><a href=\"https:\/\/irh.inf.unideb.hu\/~tberczes\/index.php\/tavkozlo-halozatok\/\">T\u00e1vk\u00f6zl\u00f5 h\u00e1l\u00f3zatok<\/a><\/li><li><a href=\"https:\/\/irh.inf.unideb.hu\/~tberczes\/index.php\/tavkozlo-halozatok\/\">\u00d6n\u00e1ll\u00f3 Labor<\/a><\/li><li><a href=\"https:\/\/irh.inf.unideb.hu\/~tberczes\/index.php\/tavkozlo-halozatok\/\">Cloud Computing<\/a><\/li><\/ul>\n\n\n\n<p><strong>Vizsga eredm\u00e9nyek:<\/strong><\/p>\n\n\n\n<ul><li><a href=\"http:\/\/irh.inf.unideb.hu\/user\/~tberczes\/MI_BSc_2015.xlsx\">MI BSc: Informatikai rendszerek modellez\u00e9se \u00e9s anal\u00edzise<\/a><\/li><li><a href=\"http:\/\/irh.inf.unideb.hu\/user\/~tberczes\/GI_BSc_2015.xlsx\">GI BSc: Informatikai rendszerek modellez\u00e9se \u00e9s anal\u00edzise<\/a><\/li><\/ul>\n\n\n\n<p><strong>Fogad\u00f3\u00f3ra<\/strong><\/p>\n\n\n\n<ul><li>H\u00e9tf\u00f5: 14:00-15:00<\/li><li>Kedd: 14:00-15:00<\/li><\/ul>\n","protected":false},"excerpt":{"rendered":"<p>Oktatott t\u00e1rgyak Bevezet\u00e9s a LabView programoz\u00e1sba Bevezet\u00e9s a Microsoft .NET 3.5 framework \u00e9s Windows Communication Foundation-be T\u00e1vk\u00f6zl\u00f5 h\u00e1l\u00f3zatok \u00d6n\u00e1ll\u00f3 Labor Cloud Computing Vizsga eredm\u00e9nyek: MI BSc: Informatikai rendszerek modellez\u00e9se \u00e9s anal\u00edzise GI BSc: Informatikai rendszerek modellez\u00e9se \u00e9s anal\u00edzise Fogad\u00f3\u00f3ra H\u00e9tf\u00f5: &hellip; <a href=\"https:\/\/irh.inf.unideb.hu\/~tberczes\/index.php\/oktatas\/\">Continue reading <span class=\"meta-nav\">&rarr;<\/span><\/a><\/p>\n","protected":false},"author":1,"featured_media":0,"parent":0,"menu_order":0,"comment_status":"closed","ping_status":"closed","template":"onecolumn-page.php","meta":[],"_links":{"self":[{"href":"https:\/\/irh.inf.unideb.hu\/~tberczes\/index.php\/wp-json\/wp\/v2\/pages\/26"}],"collection":[{"href":"https:\/\/irh.inf.unideb.hu\/~tberczes\/index.php\/wp-json\/wp\/v2\/pages"}],"about":[{"href":"https:\/\/irh.inf.unideb.hu\/~tberczes\/index.php\/wp-json\/wp\/v2\/types\/page"}],"author":[{"embeddable":true,"href":"https:\/\/irh.inf.unideb.hu\/~tberczes\/index.php\/wp-json\/wp\/v2\/users\/1"}],"replies":[{"embeddable":true,"href":"https:\/\/irh.inf.unideb.hu\/~tberczes\/index.php\/wp-json\/wp\/v2\/comments?post=26"}],"version-history":[{"count":2,"href":"https:\/\/irh.inf.unideb.hu\/~tberczes\/index.php\/wp-json\/wp\/v2\/pages\/26\/revisions"}],"predecessor-version":[{"id":88,"href":"https:\/\/irh.inf.unideb.hu\/~tberczes\/index.php\/wp-json\/wp\/v2\/pages\/26\/revisions\/88"}],"wp:attachment":[{"href":"https:\/\/irh.inf.unideb.hu\/~tberczes\/index.php\/wp-json\/wp\/v2\/media?parent=26"}],"curies":[{"name":"wp","href":"https:\/\/api.w.org\/{rel}","templated":true}]}}