{"id":50,"date":"2020-11-29T15:40:09","date_gmt":"2020-11-29T15:40:09","guid":{"rendered":"http:\/\/193.6.135.162\/~tberczes\/?page_id=50"},"modified":"2020-11-29T15:41:25","modified_gmt":"2020-11-29T15:41:25","slug":"publications","status":"publish","type":"page","link":"https:\/\/irh.inf.unideb.hu\/~tberczes\/index.php\/en\/publications\/","title":{"rendered":"Publications"},"content":{"rendered":"\n<h3><strong>Journal papers<\/strong><\/h3>\n\n\n\n<ol><li>Horv\u00e1th \u00c1d\u00e1m, B\u00e9rczes Tam\u00e1s <strong>Spectrum Renting with Two Finite Source Pools in Mobile Cellular Networks<\/strong> COMMUNICATIONS &#8211; SCIENTIFIC LETTERS OF THE UNIVERSITY OF ZILINA 1a: pp. 4-11. (2015)<\/li><li>Kuki Attila, Alm\u00e1si B\u00e9la, B\u00e9rczes Tam\u00e1s, Sztrik J\u00e1nos <strong>Modeling a QoS Classified Communication in a Multiuser Wi-Fi Environment<\/strong> INFOCOMMUNICATIONS JOURNAL VI:(3) pp. 10-15. (2014)<\/li><li>Tien Van Do, P W\u00fcchner, Tam\u00e1s B\u00e9rczes, J\u00e1nos Sztrik, H de Meer <strong>A New Finite-source Queueing Model for Mobile Cellular Networks Applying Spectrum Renting.<\/strong> ASIA-PACIFIC JOURNAL OF OPERATIONAL RESEARCH 31:(2) pp. 1440004_1-1440004_19. (2014)<\/li><li>Wolfgang Schreiner, Tam\u00e1s B\u00e9rczes, J\u00e1nos Sztrik <strong>Probabilistic model checking on HPC systems for the performance analysis of mobile networks<\/strong> ANNALES MATHEMATICAE ET INFORMATICAE 43: pp. 123-144. (2014)<\/li><li>T B\u00e9rczes, B Alm\u00e1si, A Kuki, J Sztrik <strong>The effect of RF unit breakdowns in sensor communication networks<\/strong> INFOCOMMUNICATIONS JOURNAL 5:(2) pp. 11-16. (2013)<\/li><li>T B\u00e9rczes, B Alm\u00e1si, A Kuki, J Sztrik <strong>Modeling the RF Communication in Sensor Networks by using Finite-Source Retrial Queueing System<\/strong> SCIENTIFIC BULLETIN OF POLITEHNICA UNIVERSITY OF TIMISOARA-TRANSACTIONS ON AUTOMATIC CONTROL AND COMPUTER SCIENCE 58:(72) pp. 183-189. (2013)<\/li><li>J Biro, T B\u00e9rczes, A Korosi, Z Heszberger, J Sztrik <strong>Discriminatory Processor Sharing from Optimization Point of View<\/strong> LECTURE NOTES IN COMPUTER SCIENCE 7984: pp. 67-80. (2013)<\/li><li>B\u00e9rczes Tam\u00e1s, Sztrik J\u00e1nos, Orosz P\u00e9ter, Pascal Moyal, N. Limnios, S. Georgiadis <strong>Tool supported modeling of sensor communication networks by using finite-source priority retrial queues<\/strong> CARPATHIAN JOURNAL OF ELECTRONIC AND COMPUTER ENGINEERING 5: pp. 13-18. (2012)<\/li><li>Sztrik J\u00e1nos, B\u00e9rczes Tam\u00e1s, H\u00e1zy Attila <strong>The impact of servers breakdown on the performance of proxy cache servers<\/strong>, CARPATHIAN JOURNAL OF ELECTRONIC AND COMPUTER ENGINEERING 4:(1) pp. 133-138. (2011)<\/li><li>Tam\u00e1s B\u00e9rczes, G\u00e1bor Guta, G\u00e1bor Kusper, Wolfgang Schreiner, J\u00e1nos Sztrik <strong>Evaluating a probabilistic model checker for modeling and analyzing retrial queueing systems<\/strong>. ANNALES MATHEMATICAE ET INFORMATICAE 37: pp. 51-75. (2010)<\/li><li>B\u00e9rczes Tam\u00e1s <strong>Approximation approach to performance evalua- tion of Proxy Cache Server systems<\/strong>, ANNALES MATHEMATICAE ET INFORMATICAE 36: pp. 15-28. (2009)<\/li><li>B\u00e9rczes Tam\u00e1s, Sztrik J\u00e1nos <strong>Performance evaluation of Proxy Cache Servers<\/strong> INFOCOMMUNICATIONS JOURNAL LXI:(7) pp. 36-39. (2006)<\/li><li>Sztrik J\u00e1nos, B\u00e9rczes Tam\u00e1s <strong>Performance Evaluation of Proxy Cache Servers<\/strong> HIRAD\u00c1STECHNIKA 61 (LXI):(1) pp. 2-5. (2006)<\/li><li>Sztrik J\u00e1nos, B\u00e9rczes Tam\u00e1s <strong>Performance modeling of proxy cache servers<\/strong> JOURNAL OF UNIVERSAL COMPUTER SCIENCE 12:(9) pp. 1139-1153. (2006)<\/li><li>Sztrik J\u00e1nos, B\u00e9rczes Tam\u00e1s, Kim, Che Soong <strong>The impact of multimedia traffic on the performance of proxy cache server<\/strong> ANNALES UNIVERSITATIS SCIENTIARUM BUDAPESTINENSIS DE ROLANDO EOTVOS NOMINATAE SECTIO COMPUTATORICA 25: pp. 153-169. (2005)<\/li><\/ol>\n\n\n\n<h3><strong>Conference proceedings:<\/strong><\/h3>\n\n\n\n<ol><li>B\u00e9rczes Tam\u00e1s, Horv\u00e1th \u00c1d\u00e1m <strong>A Finite-Source Queuing Model for Spectrum Renting in Mobile Cellular Networks<\/strong> Proceedings of the 10th International Conference ELEKTRO 2014., 2014. pp. 26-30. (ISBN:978-1-4799-3720-2)<\/li><li>Kuki Attila, B\u00e9rczes Tam\u00e1s, Alm\u00e1si B\u00e9la, Sztrik J\u00e1nos <strong>Investigating the effect of network service breakdown in multilayered cognitive communication system<\/strong> 5th IEEE International Conference on Cognitive Infocommunications: CogInfoCom 2014. (ISBN:978-1-4799-7279-1)<\/li><li>T B\u00e9rczes, B Alm\u00e1si, A Kuki, J Sztrik <strong>A contribution to modeling sensor communication networks by using finite-source queueing systems<\/strong> In: Proceedings of 8th IEEE International Symposium on Applied Computational Intelligence and Informatics. 2013pp. 89-93.<\/li><li>T B\u00e9rczes, A Kuki, B Alm\u00e1si, J Sztrik, P Moyal <strong>A new model of finite-source retrial queues with multi-state server&#8217;s breakdown<\/strong> Abstract &amp; Pre-proceedings of 9th International Conference on Applied Mathemetics., 2013.pp. 63-65. (ISBN:978-606-93094-8-3)<\/li><li>T B\u00e9rczes, J Sztrik <strong>Tool supported analysis of queueing systems with Future Internet applications<\/strong> Abstract &amp; Pre-proceedings of 9th International Conference on Applied Mathemetics. 2013.pp. 104-107. (ISBN:978-606-93094-8-3)<\/li><li>T V Do, R Chakka, J Sztrik, T B\u00e9rczes, D Efrosinin <strong>An efficient method to solva a two-server heterogenous retrial queue with threshold policy<\/strong> Abstract &amp; Pre-proceedings of 9th International Conference on Applied Mathemetics. 2013.pp. 71-73. (ISBN:978-606-93094-8-3)<\/li><li>Kuki Attila, Berczes Tamas, Almasi Bela, Sztrik Janos <strong>A queueing model to study the effect of network service breakdown in a CogInfoCom system<\/strong> IEEE 4th International Conference on Cognitive Infocommunications: CogInfoCom 2013., 2013. pp. 205-210. (ISBN:978-1-4799-1545-3)<\/li><li>Stylianos Georgiadis, Pascal Moyal, B\u00e9rczes Tam\u00e1s, J\u00e1nos Sztrik <strong>A Fluid Limit for the Engset Model &#8211; An Application to Retrial Queues<\/strong> ICORES 2013 : Proceedings Of 2nd International Conference On Operations Research And Enterprise Systems. 315 p. (ISBN:978-989-8565-40-2)<\/li><li>Tam\u00e1s B\u00e9rczes, B\u00e9la Alm\u00e1si, Attila Kuki, J\u00e1nos Sztrik, Revaz Kakubava <strong>Modeling the Performance and the Energy Usage of Wireless Sensor Networks by Retrial Queueing Systems<\/strong> PM2HW2N&#8217;13 Proceedings of the 8th ACM Workshop on Performance Monitoring and Measurement of Heterogeneous Wireless and Wired Networks. 2013. pp. 133-137. (ISBN:978-1-4503-2371-0)<\/li><li>Sztrik J\u00e1nos, B\u00e9rczes Tam\u00e1s, Guta G\u00e1bor, Kusper G\u00e1bor, Schreiner, Wolfgang <strong>Analyzing a Proxy Cache Server Performance Model with the Probabilistic Model Checker PRISM<\/strong> Proceedings of WWV&#8217;09, 5th Int&#8217;l Workshop on Automated Specification and Verification of Web Systems. 2009p.<\/li><li>Sztrik J, B\u00e9rczes T <strong>Performance Evaluation of Proxy Cash Servers with Unreliable Web Servers<\/strong> Proceedings of Informatics in the Hungarian Higher Education, 2008pp. 186-191.<\/li><li>Sztrik J\u00e1nos, B\u00e9rczes Tam\u00e1s <strong>A queueing network model to study Proxy Cache Servers<\/strong> Proceedings of the 7th International Conference on Applied Informatics. pp. 203-210.1-2<\/li><\/ol>\n\n\n\n<h3>Technical Reports<\/h3>\n\n\n\n<ol><li>Wolfgang Schreiner, Tamas Berczes, Adam Toth <strong>Analyzing Cluster Scheduling Schemes by Probabilistic Model Checking<\/strong> Research Institute for Symbolic Computation (RISC), Johannes Kepler University, Linz, Austria., Technical report, September 2014 (2014)<\/li><li>Wolfgang Schreiner, Tamas Berczes, Adam Toth <strong>Analyzing the Energy Efficiency of Cluster Scheduling Schemes by Probabilistic Model Checking.<\/strong> Research Institute for Symbolic Computation (RISC), Johannes Kepler University, Linz, Austria. Technical report, December 2014 (2014)<\/li><li>Wolfgang Schreiner, Tamas Berczes, Janos Sztrik <strong>Probabilistic Model Checking on HPC Systems for the Performance Analysis of Mobile Networks<\/strong> Research Institute for Symbolic Computation (RISC), Johannes Kepler University, Linz, Austria. Technical report, September 2013 (2013)<\/li><li>B\u00e9rczes T, Guta G, Kusper G, Schreiner W, Sztrik J <strong>Analysing Web Server Performance Models with the Probabilistic Model Checker PRISM<\/strong> RICS-Linz Report No. 08-17, Johannes Kepler University, Ausztria (2008)<\/li><li>B\u00e9rczes T, Guta G, Kusper G, Schreiner W, Sztrik J <strong>Comparing the Performance Modeling Environment MOSEL and the Probabilistic<\/strong> Model Checker PRISM for Modeling and Analysing Retrial Queueing Systems RICS-Linz Report No. 07-17, Johannes Kepler University (2007)<\/li><\/ol>\n","protected":false},"excerpt":{"rendered":"<p>Journal papers Horv\u00e1th \u00c1d\u00e1m, B\u00e9rczes Tam\u00e1s Spectrum Renting with Two Finite Source Pools in Mobile Cellular Networks COMMUNICATIONS &#8211; SCIENTIFIC LETTERS OF THE UNIVERSITY OF ZILINA 1a: pp. 4-11. (2015) Kuki Attila, Alm\u00e1si B\u00e9la, B\u00e9rczes Tam\u00e1s, Sztrik J\u00e1nos Modeling a &hellip; <a href=\"https:\/\/irh.inf.unideb.hu\/~tberczes\/index.php\/en\/publications\/\">Continue reading <span class=\"meta-nav\">&rarr;<\/span><\/a><\/p>\n","protected":false},"author":1,"featured_media":0,"parent":0,"menu_order":0,"comment_status":"closed","ping_status":"closed","template":"onecolumn-page.php","meta":[],"_links":{"self":[{"href":"https:\/\/irh.inf.unideb.hu\/~tberczes\/index.php\/wp-json\/wp\/v2\/pages\/50"}],"collection":[{"href":"https:\/\/irh.inf.unideb.hu\/~tberczes\/index.php\/wp-json\/wp\/v2\/pages"}],"about":[{"href":"https:\/\/irh.inf.unideb.hu\/~tberczes\/index.php\/wp-json\/wp\/v2\/types\/page"}],"author":[{"embeddable":true,"href":"https:\/\/irh.inf.unideb.hu\/~tberczes\/index.php\/wp-json\/wp\/v2\/users\/1"}],"replies":[{"embeddable":true,"href":"https:\/\/irh.inf.unideb.hu\/~tberczes\/index.php\/wp-json\/wp\/v2\/comments?post=50"}],"version-history":[{"count":2,"href":"https:\/\/irh.inf.unideb.hu\/~tberczes\/index.php\/wp-json\/wp\/v2\/pages\/50\/revisions"}],"predecessor-version":[{"id":52,"href":"https:\/\/irh.inf.unideb.hu\/~tberczes\/index.php\/wp-json\/wp\/v2\/pages\/50\/revisions\/52"}],"wp:attachment":[{"href":"https:\/\/irh.inf.unideb.hu\/~tberczes\/index.php\/wp-json\/wp\/v2\/media?parent=50"}],"curies":[{"name":"wp","href":"https:\/\/api.w.org\/{rel}","templated":true}]}}