{"id":6,"date":"2020-11-29T12:34:07","date_gmt":"2020-11-29T12:34:07","guid":{"rendered":"http:\/\/193.6.135.162\/~tberczes\/?page_id=6"},"modified":"2020-11-29T14:16:06","modified_gmt":"2020-11-29T14:16:06","slug":"kezdolap","status":"publish","type":"page","link":"https:\/\/irh.inf.unideb.hu\/~tberczes\/","title":{"rendered":"Kezd\u0151lap"},"content":{"rendered":"\n<div class=\"wp-block-image\"><figure class=\"alignright size-large\"><img loading=\"lazy\" width=\"150\" height=\"150\" src=\"http:\/\/193.6.135.162\/~tberczes\/wp-content\/uploads\/2020\/11\/cropped-BerczesTamas-150x150-1.jpg\" alt=\"\" class=\"wp-image-7\"\/><\/figure><\/div>\n\n\n\n<h3><strong>Munkahely:<\/strong><\/h3>\n\n\n\n<p><a href=\"http:\/\/www.unideb.hu\/\">Debreceni Egyetem<\/a><br><a href=\"http:\/\/www.inf.unideb.hu\/\">Informatikai Kar<\/a><br><a href=\"http:\/\/irh.inf.unideb.hu\/\">Informatikai Rendszerek \u00e9s H\u00e1l\u00f3zatok Tansz\u00e9k<\/a><\/p>\n\n\n\n<h3><strong>C\u00edm<\/strong>:<\/h3>\n\n\n\n<p>4028 <a href=\"http:\/\/irh.inf.unideb.hu\/\">Debrecen<\/a>, Kassai \u00fat 26<br>levelez\u00e9si c\u00edm: 4010 Debrecen, Pf. 12<br>szoba: IF10<br>telefon: (36) 52 &#8211; 512 900 \/ 75010<br>fax: (36) 52 &#8211; 416 857<\/p>\n\n\n\n<h3><strong>Email<\/strong>:<\/h3>\n\n\n\n<p>e-mail: <a href=\"mailto:tberczes@inf.unideb.hu\">berczes.tamas@inf.unideb.hu<\/a><\/p>\n\n\n\n<p><a href=\"https:\/\/www.overleaf.com\/?r=39798661&amp;rm=d&amp;rs=b\">Online LaTeX Editor Overleaf<\/a><\/p>\n","protected":false},"excerpt":{"rendered":"<p>Munkahely: Debreceni EgyetemInformatikai KarInformatikai Rendszerek \u00e9s H\u00e1l\u00f3zatok Tansz\u00e9k C\u00edm: 4028 Debrecen, Kassai \u00fat 26levelez\u00e9si c\u00edm: 4010 Debrecen, Pf. 12szoba: IF10telefon: (36) 52 &#8211; 512 900 \/ 75010fax: (36) 52 &#8211; 416 857 Email: e-mail: berczes.tamas@inf.unideb.hu Online LaTeX Editor Overleaf<\/p>\n","protected":false},"author":1,"featured_media":0,"parent":0,"menu_order":0,"comment_status":"closed","ping_status":"closed","template":"onecolumn-page.php","meta":[],"_links":{"self":[{"href":"https:\/\/irh.inf.unideb.hu\/~tberczes\/index.php\/wp-json\/wp\/v2\/pages\/6"}],"collection":[{"href":"https:\/\/irh.inf.unideb.hu\/~tberczes\/index.php\/wp-json\/wp\/v2\/pages"}],"about":[{"href":"https:\/\/irh.inf.unideb.hu\/~tberczes\/index.php\/wp-json\/wp\/v2\/types\/page"}],"author":[{"embeddable":true,"href":"https:\/\/irh.inf.unideb.hu\/~tberczes\/index.php\/wp-json\/wp\/v2\/users\/1"}],"replies":[{"embeddable":true,"href":"https:\/\/irh.inf.unideb.hu\/~tberczes\/index.php\/wp-json\/wp\/v2\/comments?post=6"}],"version-history":[{"count":5,"href":"https:\/\/irh.inf.unideb.hu\/~tberczes\/index.php\/wp-json\/wp\/v2\/pages\/6\/revisions"}],"predecessor-version":[{"id":30,"href":"https:\/\/irh.inf.unideb.hu\/~tberczes\/index.php\/wp-json\/wp\/v2\/pages\/6\/revisions\/30"}],"wp:attachment":[{"href":"https:\/\/irh.inf.unideb.hu\/~tberczes\/index.php\/wp-json\/wp\/v2\/media?parent=6"}],"curies":[{"name":"wp","href":"https:\/\/api.w.org\/{rel}","templated":true}]}}