{"id":65,"date":"2020-11-29T16:52:51","date_gmt":"2020-11-29T16:52:51","guid":{"rendered":"http:\/\/193.6.135.162\/~tberczes\/?page_id=65"},"modified":"2020-11-29T16:52:52","modified_gmt":"2020-11-29T16:52:52","slug":"tavkozlo-halozatok","status":"publish","type":"page","link":"https:\/\/irh.inf.unideb.hu\/~tberczes\/index.php\/tavkozlo-halozatok\/","title":{"rendered":"T\u00e1vk\u00f6zl\u0151 h\u00e1l\u00f3zatok"},"content":{"rendered":"\n<p><strong>K\u00f6vetelm\u00e9ny:<\/strong><\/p>\n\n\n\n<p>A gyakorlatokkal kapcsolatban a Debreceni Egyetem TVSZ megfelel\u00f5 rendelkez\u00e9sei az ir\u00e1nyad\u00f3ak<\/p>\n\n\n\n<p><strong><a href=\"https:\/\/irh.inf.unideb.hu\/~tberczes\/tavkozlo.pdf\">Silabusz<\/a><\/strong>:<\/p>\n\n\n\n<p><strong>Let\u00f6lt\u00e9s:<\/strong><\/p>\n\n\n\n<ul><li><a href=\"https:\/\/irh.inf.unideb.hu\/~tberczes\/Tavkozlo%20diasor.zip\">El\u0151ad\u00e1s kivonat<\/a><\/li><li><a href=\"https:\/\/irh.inf.unideb.hu\/~tberczes\/MessageSend.zip\">P\u00e9ldaprogram<\/a><\/li><li><a href=\"https:\/\/irh.inf.unideb.hu\/~tberczes\/tavkozlo_eredmenyek.xlsx\">Eredm\u00e9nyek<\/a><\/li><\/ul>\n","protected":false},"excerpt":{"rendered":"<p>K\u00f6vetelm\u00e9ny: A gyakorlatokkal kapcsolatban a Debreceni Egyetem TVSZ megfelel\u00f5 rendelkez\u00e9sei az ir\u00e1nyad\u00f3ak Silabusz: Let\u00f6lt\u00e9s: El\u0151ad\u00e1s kivonat P\u00e9ldaprogram Eredm\u00e9nyek<\/p>\n","protected":false},"author":1,"featured_media":0,"parent":0,"menu_order":0,"comment_status":"closed","ping_status":"closed","template":"onecolumn-page.php","meta":[],"_links":{"self":[{"href":"https:\/\/irh.inf.unideb.hu\/~tberczes\/index.php\/wp-json\/wp\/v2\/pages\/65"}],"collection":[{"href":"https:\/\/irh.inf.unideb.hu\/~tberczes\/index.php\/wp-json\/wp\/v2\/pages"}],"about":[{"href":"https:\/\/irh.inf.unideb.hu\/~tberczes\/index.php\/wp-json\/wp\/v2\/types\/page"}],"author":[{"embeddable":true,"href":"https:\/\/irh.inf.unideb.hu\/~tberczes\/index.php\/wp-json\/wp\/v2\/users\/1"}],"replies":[{"embeddable":true,"href":"https:\/\/irh.inf.unideb.hu\/~tberczes\/index.php\/wp-json\/wp\/v2\/comments?post=65"}],"version-history":[{"count":2,"href":"https:\/\/irh.inf.unideb.hu\/~tberczes\/index.php\/wp-json\/wp\/v2\/pages\/65\/revisions"}],"predecessor-version":[{"id":67,"href":"https:\/\/irh.inf.unideb.hu\/~tberczes\/index.php\/wp-json\/wp\/v2\/pages\/65\/revisions\/67"}],"wp:attachment":[{"href":"https:\/\/irh.inf.unideb.hu\/~tberczes\/index.php\/wp-json\/wp\/v2\/media?parent=65"}],"curies":[{"name":"wp","href":"https:\/\/api.w.org\/{rel}","templated":true}]}}