{"id":78,"date":"2020-11-29T17:06:28","date_gmt":"2020-11-29T17:06:28","guid":{"rendered":"http:\/\/193.6.135.162\/~tberczes\/?page_id=78"},"modified":"2020-11-29T17:06:28","modified_gmt":"2020-11-29T17:06:28","slug":"introduction-to-labview","status":"publish","type":"page","link":"https:\/\/irh.inf.unideb.hu\/~tberczes\/index.php\/en\/introduction-to-labview\/","title":{"rendered":"Introduction to Labview"},"content":{"rendered":"\n<p><strong>K\u00f6vetelm\u00e9ny:<\/strong><\/p>\n\n\n\n<p>A gyakorlatokkal kapcsolatban a Debreceni Egyetem TVSZ megfelel\u00f5 rendelkez\u00e9sei az ir\u00e1nyad\u00f3ak<\/p>\n\n\n\n<p><strong><a href=\"https:\/\/irh.inf.unideb.hu\/~tberczes\/LabViewBerczes-INBK321L.pdf\">Syllabusz<\/a>:<\/strong><\/p>\n\n\n\n<p><a href=\"https:\/\/irh.inf.unideb.hu\/~tberczes\/HomersekletGrafikon+Tablazat.vi\">Feladat<\/a><\/p>\n\n\n\n<p><a href=\"https:\/\/irh.inf.unideb.hu\/~tberczes\/c2f_v2.vi\">C2F<\/a><\/p>\n\n\n\n<p><a href=\"https:\/\/irh.inf.unideb.hu\/~tberczes\/genCel.vi\">GenCel<\/a><\/p>\n\n\n\n<p><a href=\"https:\/\/irh.inf.unideb.hu\/~tberczes\/dobokocka.vi\">Dob\u00f3kocka1<\/a><\/p>\n\n\n\n<p><a href=\"https:\/\/irh.inf.unideb.hu\/~tberczes\/dobokocka2.vi\">Dob\u00f3kocka2<\/a><\/p>\n\n\n\n<p><a href=\"https:\/\/irh.inf.unideb.hu\/~tberczes\/State Machine 2012 NIVerified.zip\">State Machine<\/a><\/p>\n\n\n\n<p><a href=\"https:\/\/irh.inf.unideb.hu\/~tberczes\/Weather Warnings.zip\">Id\u0151j\u00e1r\u00e1s Figyelmeztet\u00e9s<\/a><\/p>\n\n\n\n<p><a href=\"https:\/\/irh.inf.unideb.hu\/~tberczes\/Temperature Monitor.zip\">H\u0151m\u00e9rs\u00e9klet monitor<\/a><\/p>\n\n\n\n<p><a href=\"https:\/\/irh.inf.unideb.hu\/~tberczes\/Shared Files.zip\">Shared Files<\/a><\/p>\n\n\n\n<p><a href=\"https:\/\/irh.inf.unideb.hu\/~tberczes\/Queues versus Local Variables.zip\">Queues<\/a><\/p>\n\n\n\n<p><a href=\"https:\/\/irh.inf.unideb.hu\/~tberczes\/Notifiers.zip\">Notifiers<\/a><\/p>\n\n\n\n<p><a href=\"https:\/\/irh.inf.unideb.hu\/~tberczes\/Temp Limit - Ctl Props.zip\">Property Node<\/a><\/p>\n\n\n\n<p><a href=\"https:\/\/irh.inf.unideb.hu\/~tberczes\/TDMS Logger and Reader.zip\">TDMS<\/a><\/p>\n","protected":false},"excerpt":{"rendered":"<p>K\u00f6vetelm\u00e9ny: A gyakorlatokkal kapcsolatban a Debreceni Egyetem TVSZ megfelel\u00f5 rendelkez\u00e9sei az ir\u00e1nyad\u00f3ak Syllabusz: Feladat C2F GenCel Dob\u00f3kocka1 Dob\u00f3kocka2 State Machine Id\u0151j\u00e1r\u00e1s Figyelmeztet\u00e9s H\u0151m\u00e9rs\u00e9klet monitor Shared Files Queues Notifiers Property Node TDMS<\/p>\n","protected":false},"author":1,"featured_media":0,"parent":0,"menu_order":0,"comment_status":"closed","ping_status":"closed","template":"onecolumn-page.php","meta":[],"_links":{"self":[{"href":"https:\/\/irh.inf.unideb.hu\/~tberczes\/index.php\/wp-json\/wp\/v2\/pages\/78"}],"collection":[{"href":"https:\/\/irh.inf.unideb.hu\/~tberczes\/index.php\/wp-json\/wp\/v2\/pages"}],"about":[{"href":"https:\/\/irh.inf.unideb.hu\/~tberczes\/index.php\/wp-json\/wp\/v2\/types\/page"}],"author":[{"embeddable":true,"href":"https:\/\/irh.inf.unideb.hu\/~tberczes\/index.php\/wp-json\/wp\/v2\/users\/1"}],"replies":[{"embeddable":true,"href":"https:\/\/irh.inf.unideb.hu\/~tberczes\/index.php\/wp-json\/wp\/v2\/comments?post=78"}],"version-history":[{"count":1,"href":"https:\/\/irh.inf.unideb.hu\/~tberczes\/index.php\/wp-json\/wp\/v2\/pages\/78\/revisions"}],"predecessor-version":[{"id":79,"href":"https:\/\/irh.inf.unideb.hu\/~tberczes\/index.php\/wp-json\/wp\/v2\/pages\/78\/revisions\/79"}],"wp:attachment":[{"href":"https:\/\/irh.inf.unideb.hu\/~tberczes\/index.php\/wp-json\/wp\/v2\/media?parent=78"}],"curies":[{"name":"wp","href":"https:\/\/api.w.org\/{rel}","templated":true}]}}