{"id":80,"date":"2020-11-29T17:09:32","date_gmt":"2020-11-29T17:09:32","guid":{"rendered":"http:\/\/193.6.135.162\/~tberczes\/?page_id=80"},"modified":"2020-11-29T17:09:32","modified_gmt":"2020-11-29T17:09:32","slug":"introduction-to-microsoft-net-3-5-framework-and-windows-communication-foundation","status":"publish","type":"page","link":"https:\/\/irh.inf.unideb.hu\/~tberczes\/index.php\/en\/introduction-to-microsoft-net-3-5-framework-and-windows-communication-foundation\/","title":{"rendered":"Introduction to Microsoft .NET 3.5 framework and Windows Communication Foundation"},"content":{"rendered":"\n<p><strong>K\u00f6vetelm\u00e9ny:<\/strong><\/p>\n\n\n\n<p>A gyakorlatokkal kapcsolatban a Debreceni Egyetem TVSZ megfelel\u00f5 rendelkez\u00e9sei az ir\u00e1nyad\u00f3ak<\/p>\n\n\n\n<h3><a href=\"https:\/\/irh.inf.unideb.hu\/~tberczes\/LabViewBerczes-INBK321L.pdf\">Sillabusz:<\/a><\/h3>\n\n\n\n<p><strong>Let\u00f6lt\u00e9s:<\/strong><\/p>\n\n\n\n<ul><li><a href=\"https:\/\/irh.inf.unideb.hu\/~tberczes\/WpfApplication44.zip\">F\u00e1jl m\u00e1sol\u00f3<\/a><\/li><li><a href=\"https:\/\/irh.inf.unideb.hu\/~tberczes\/WpfApplication37.zip\">F\u00e1jl b\u00f6ng\u00e9sz\u00f5<\/a><\/li><li><a href=\"https:\/\/irh.inf.unideb.hu\/~tberczes\/WpfApplication43.zip\">Eg\u00e9r esem\u00e9nyek<\/a><\/li><li><a href=\"https:\/\/irh.inf.unideb.hu\/~tberczes\/Szinezes.zip\">Szinez\u00f5<\/a><\/li><li><a href=\"https:\/\/irh.inf.unideb.hu\/~tberczes\/TobbSzalluProgr.zip\">T\u00f6bbsz\u00e1ll\u00fa program<\/a><\/li><li><a href=\"https:\/\/irh.inf.unideb.hu\/~tberczes\/TobbSzalluProgrUj.zip\">T\u00f6bbsz\u00e1ll\u00fa program \u00faj<\/a><\/li><li><a href=\"https:\/\/irh.inf.unideb.hu\/~tberczes\/FajlBeolvasas.zip\">F\u00e1jl beolvas\u00f3<\/a><\/li><\/ul>\n","protected":false},"excerpt":{"rendered":"<p>K\u00f6vetelm\u00e9ny: A gyakorlatokkal kapcsolatban a Debreceni Egyetem TVSZ megfelel\u00f5 rendelkez\u00e9sei az ir\u00e1nyad\u00f3ak Sillabusz: Let\u00f6lt\u00e9s: F\u00e1jl m\u00e1sol\u00f3 F\u00e1jl b\u00f6ng\u00e9sz\u00f5 Eg\u00e9r esem\u00e9nyek Szinez\u00f5 T\u00f6bbsz\u00e1ll\u00fa program T\u00f6bbsz\u00e1ll\u00fa program \u00faj F\u00e1jl beolvas\u00f3<\/p>\n","protected":false},"author":1,"featured_media":0,"parent":0,"menu_order":0,"comment_status":"closed","ping_status":"closed","template":"onecolumn-page.php","meta":[],"_links":{"self":[{"href":"https:\/\/irh.inf.unideb.hu\/~tberczes\/index.php\/wp-json\/wp\/v2\/pages\/80"}],"collection":[{"href":"https:\/\/irh.inf.unideb.hu\/~tberczes\/index.php\/wp-json\/wp\/v2\/pages"}],"about":[{"href":"https:\/\/irh.inf.unideb.hu\/~tberczes\/index.php\/wp-json\/wp\/v2\/types\/page"}],"author":[{"embeddable":true,"href":"https:\/\/irh.inf.unideb.hu\/~tberczes\/index.php\/wp-json\/wp\/v2\/users\/1"}],"replies":[{"embeddable":true,"href":"https:\/\/irh.inf.unideb.hu\/~tberczes\/index.php\/wp-json\/wp\/v2\/comments?post=80"}],"version-history":[{"count":1,"href":"https:\/\/irh.inf.unideb.hu\/~tberczes\/index.php\/wp-json\/wp\/v2\/pages\/80\/revisions"}],"predecessor-version":[{"id":81,"href":"https:\/\/irh.inf.unideb.hu\/~tberczes\/index.php\/wp-json\/wp\/v2\/pages\/80\/revisions\/81"}],"wp:attachment":[{"href":"https:\/\/irh.inf.unideb.hu\/~tberczes\/index.php\/wp-json\/wp\/v2\/media?parent=80"}],"curies":[{"name":"wp","href":"https:\/\/api.w.org\/{rel}","templated":true}]}}